












{"id":2637,"date":"2022-03-07T16:42:23","date_gmt":"2022-03-07T15:42:23","guid":{"rendered":"https:\/\/www.kfz-biermair.at\/?post_type=product&#038;p=2637"},"modified":"2024-03-13T09:01:44","modified_gmt":"2024-03-13T08:01:44","slug":"ruecklicht-rechts-peugeot-106","status":"publish","type":"product","link":"https:\/\/www.kfz-biermair.at\/?product=ruecklicht-rechts-peugeot-106","title":{"rendered":"R\u00fccklicht rechts &#8211; Peugeot 106"},"content":{"rendered":"","protected":false},"excerpt":{"rendered":"<p>R\u00fccklicht rechts f\u00fcr Peugeot 106<\/p>\n<p>Valeo 2186<\/p>\n<p>Originalteil &#8211; gebraucht !!<\/p>\n<p>&nbsp;<\/p>\n","protected":false},"featured_media":2638,"template":"","meta":[],"product_brand":[],"product_cat":[200],"product_tag":[],"class_list":{"0":"post-2637","1":"product","2":"type-product","3":"status-publish","4":"has-post-thumbnail","6":"product_cat-200","8":"first","9":"instock","10":"taxable","11":"shipping-taxable","12":"purchasable","13":"product-type-simple"},"_links":{"self":[{"href":"https:\/\/www.kfz-biermair.at\/index.php?rest_route=\/wp\/v2\/product\/2637","targetHints":{"allow":["GET"]}}],"collection":[{"href":"https:\/\/www.kfz-biermair.at\/index.php?rest_route=\/wp\/v2\/product"}],"about":[{"href":"https:\/\/www.kfz-biermair.at\/index.php?rest_route=\/wp\/v2\/types\/product"}],"wp:featuredmedia":[{"embeddable":true,"href":"https:\/\/www.kfz-biermair.at\/index.php?rest_route=\/wp\/v2\/media\/2638"}],"wp:attachment":[{"href":"https:\/\/www.kfz-biermair.at\/index.php?rest_route=%2Fwp%2Fv2%2Fmedia&parent=2637"}],"wp:term":[{"taxonomy":"product_brand","embeddable":true,"href":"https:\/\/www.kfz-biermair.at\/index.php?rest_route=%2Fwp%2Fv2%2Fproduct_brand&post=2637"},{"taxonomy":"product_cat","embeddable":true,"href":"https:\/\/www.kfz-biermair.at\/index.php?rest_route=%2Fwp%2Fv2%2Fproduct_cat&post=2637"},{"taxonomy":"product_tag","embeddable":true,"href":"https:\/\/www.kfz-biermair.at\/index.php?rest_route=%2Fwp%2Fv2%2Fproduct_tag&post=2637"}],"curies":[{"name":"wp","href":"https:\/\/api.w.org\/{rel}","templated":true}]}}