












{"id":26703,"date":"2025-12-04T16:39:00","date_gmt":"2025-12-04T15:39:00","guid":{"rendered":"https:\/\/www.kfz-biermair.at\/?post_type=product&#038;p=26703"},"modified":"2025-12-04T16:39:01","modified_gmt":"2025-12-04T15:39:01","slug":"stossstangengitter-re-vo-vw-passat-3bg","status":"publish","type":"product","link":"https:\/\/www.kfz-biermair.at\/?product=stossstangengitter-re-vo-vw-passat-3bg","title":{"rendered":"Sto\u00dfstangengitter re. vo. &#8211; VW Passat 3BG"},"content":{"rendered":"","protected":false},"excerpt":{"rendered":"<p>Sto\u00dfstangengitter re. vo. f\u00fcr VW Passat 3BG<br \/>\n3B0 853 666 H<br \/>\nGebrauchtteil<\/p>\n","protected":false},"featured_media":26704,"template":"","meta":[],"product_brand":[],"product_cat":[30],"product_tag":[],"class_list":{"0":"post-26703","1":"product","2":"type-product","3":"status-publish","4":"has-post-thumbnail","6":"product_cat-passat-3bg","8":"first","9":"instock","10":"taxable","11":"shipping-taxable","12":"purchasable","13":"product-type-simple"},"_links":{"self":[{"href":"https:\/\/www.kfz-biermair.at\/index.php?rest_route=\/wp\/v2\/product\/26703","targetHints":{"allow":["GET"]}}],"collection":[{"href":"https:\/\/www.kfz-biermair.at\/index.php?rest_route=\/wp\/v2\/product"}],"about":[{"href":"https:\/\/www.kfz-biermair.at\/index.php?rest_route=\/wp\/v2\/types\/product"}],"wp:featuredmedia":[{"embeddable":true,"href":"https:\/\/www.kfz-biermair.at\/index.php?rest_route=\/wp\/v2\/media\/26704"}],"wp:attachment":[{"href":"https:\/\/www.kfz-biermair.at\/index.php?rest_route=%2Fwp%2Fv2%2Fmedia&parent=26703"}],"wp:term":[{"taxonomy":"product_brand","embeddable":true,"href":"https:\/\/www.kfz-biermair.at\/index.php?rest_route=%2Fwp%2Fv2%2Fproduct_brand&post=26703"},{"taxonomy":"product_cat","embeddable":true,"href":"https:\/\/www.kfz-biermair.at\/index.php?rest_route=%2Fwp%2Fv2%2Fproduct_cat&post=26703"},{"taxonomy":"product_tag","embeddable":true,"href":"https:\/\/www.kfz-biermair.at\/index.php?rest_route=%2Fwp%2Fv2%2Fproduct_tag&post=26703"}],"curies":[{"name":"wp","href":"https:\/\/api.w.org\/{rel}","templated":true}]}}