












{"id":26755,"date":"2026-01-14T14:37:14","date_gmt":"2026-01-14T13:37:14","guid":{"rendered":"https:\/\/www.kfz-biermair.at\/?post_type=product&#038;p=26755"},"modified":"2026-01-14T14:37:15","modified_gmt":"2026-01-14T13:37:15","slug":"ruecklichtgehaeuse-lampentraeger-rechts-fiat-500","status":"publish","type":"product","link":"https:\/\/www.kfz-biermair.at\/?product=ruecklichtgehaeuse-lampentraeger-rechts-fiat-500","title":{"rendered":"R\u00fccklichtgeh\u00e4use\/Lampentr\u00e4ger rechts &#8211; Fiat 500"},"content":{"rendered":"","protected":false},"excerpt":{"rendered":"<p>R\u00fccklichtgeh\u00e4use\/Lampentr\u00e4ger rechts<br \/>\nf\u00fcr Fiat 500 1957-1975<br \/>\nGebrauchtteil !!<\/p>\n","protected":false},"featured_media":26756,"template":"","meta":[],"product_brand":[],"product_cat":[131],"product_tag":[],"class_list":{"0":"post-26755","1":"product","2":"type-product","3":"status-publish","4":"has-post-thumbnail","6":"product_cat-sonstige-fiat","8":"first","9":"instock","10":"taxable","11":"shipping-taxable","12":"purchasable","13":"product-type-simple"},"_links":{"self":[{"href":"https:\/\/www.kfz-biermair.at\/index.php?rest_route=\/wp\/v2\/product\/26755","targetHints":{"allow":["GET"]}}],"collection":[{"href":"https:\/\/www.kfz-biermair.at\/index.php?rest_route=\/wp\/v2\/product"}],"about":[{"href":"https:\/\/www.kfz-biermair.at\/index.php?rest_route=\/wp\/v2\/types\/product"}],"wp:featuredmedia":[{"embeddable":true,"href":"https:\/\/www.kfz-biermair.at\/index.php?rest_route=\/wp\/v2\/media\/26756"}],"wp:attachment":[{"href":"https:\/\/www.kfz-biermair.at\/index.php?rest_route=%2Fwp%2Fv2%2Fmedia&parent=26755"}],"wp:term":[{"taxonomy":"product_brand","embeddable":true,"href":"https:\/\/www.kfz-biermair.at\/index.php?rest_route=%2Fwp%2Fv2%2Fproduct_brand&post=26755"},{"taxonomy":"product_cat","embeddable":true,"href":"https:\/\/www.kfz-biermair.at\/index.php?rest_route=%2Fwp%2Fv2%2Fproduct_cat&post=26755"},{"taxonomy":"product_tag","embeddable":true,"href":"https:\/\/www.kfz-biermair.at\/index.php?rest_route=%2Fwp%2Fv2%2Fproduct_tag&post=26755"}],"curies":[{"name":"wp","href":"https:\/\/api.w.org\/{rel}","templated":true}]}}