












{"id":2684,"date":"2022-03-14T17:13:30","date_gmt":"2022-03-14T16:13:30","guid":{"rendered":"https:\/\/www.kfz-biermair.at\/?post_type=product&#038;p=2684"},"modified":"2024-03-13T09:00:36","modified_gmt":"2024-03-13T08:00:36","slug":"ruecklicht-rechts-peugeot-405-2","status":"publish","type":"product","link":"https:\/\/www.kfz-biermair.at\/?product=ruecklicht-rechts-peugeot-405-2","title":{"rendered":"R\u00fccklicht rechts &#8211; Peugeot 405"},"content":{"rendered":"","protected":false},"excerpt":{"rendered":"<p>R\u00fccklicht rechts f\u00fcr Peugeot 405<\/p>\n<p>Baujahr 1992-1997<\/p>\n<p>Valeo 2217<\/p>\n<p>Originalteil gebraucht !!<\/p>\n<p>&nbsp;<\/p>\n","protected":false},"featured_media":2685,"template":"","meta":[],"product_brand":[],"product_cat":[197],"product_tag":[],"class_list":{"0":"post-2684","1":"product","2":"type-product","3":"status-publish","4":"has-post-thumbnail","6":"product_cat-197","8":"first","9":"instock","10":"taxable","11":"shipping-taxable","12":"purchasable","13":"product-type-simple"},"_links":{"self":[{"href":"https:\/\/www.kfz-biermair.at\/index.php?rest_route=\/wp\/v2\/product\/2684","targetHints":{"allow":["GET"]}}],"collection":[{"href":"https:\/\/www.kfz-biermair.at\/index.php?rest_route=\/wp\/v2\/product"}],"about":[{"href":"https:\/\/www.kfz-biermair.at\/index.php?rest_route=\/wp\/v2\/types\/product"}],"wp:featuredmedia":[{"embeddable":true,"href":"https:\/\/www.kfz-biermair.at\/index.php?rest_route=\/wp\/v2\/media\/2685"}],"wp:attachment":[{"href":"https:\/\/www.kfz-biermair.at\/index.php?rest_route=%2Fwp%2Fv2%2Fmedia&parent=2684"}],"wp:term":[{"taxonomy":"product_brand","embeddable":true,"href":"https:\/\/www.kfz-biermair.at\/index.php?rest_route=%2Fwp%2Fv2%2Fproduct_brand&post=2684"},{"taxonomy":"product_cat","embeddable":true,"href":"https:\/\/www.kfz-biermair.at\/index.php?rest_route=%2Fwp%2Fv2%2Fproduct_cat&post=2684"},{"taxonomy":"product_tag","embeddable":true,"href":"https:\/\/www.kfz-biermair.at\/index.php?rest_route=%2Fwp%2Fv2%2Fproduct_tag&post=2684"}],"curies":[{"name":"wp","href":"https:\/\/api.w.org\/{rel}","templated":true}]}}