












{"id":26853,"date":"2026-02-10T17:25:02","date_gmt":"2026-02-10T16:25:02","guid":{"rendered":"https:\/\/www.kfz-biermair.at\/?post_type=product&#038;p=26853"},"modified":"2026-02-10T17:25:03","modified_gmt":"2026-02-10T16:25:03","slug":"tuerdichtung-links-7h0837566a-vw","status":"publish","type":"product","link":"https:\/\/www.kfz-biermair.at\/?product=tuerdichtung-links-7h0837566a-vw","title":{"rendered":"T\u00fcrdichtung links &#8211; 7H0837566A &#8211; VW"},"content":{"rendered":"","protected":false},"excerpt":{"rendered":"<p>T\u00fcrdichtung links f\u00fcr VW Multivan, Baujahr 2009<br \/>\n7H0 837 566A<br \/>\nOriginalteil<br \/>\nNeuteil<\/p>\n","protected":false},"featured_media":26858,"template":"","meta":[],"product_brand":[],"product_cat":[163,24],"product_tag":[],"class_list":{"0":"post-26853","1":"product","2":"type-product","3":"status-publish","4":"has-post-thumbnail","6":"product_cat-sonstige-vw","7":"product_cat-vw","9":"first","10":"instock","11":"taxable","12":"shipping-taxable","13":"purchasable","14":"product-type-simple"},"_links":{"self":[{"href":"https:\/\/www.kfz-biermair.at\/index.php?rest_route=\/wp\/v2\/product\/26853","targetHints":{"allow":["GET"]}}],"collection":[{"href":"https:\/\/www.kfz-biermair.at\/index.php?rest_route=\/wp\/v2\/product"}],"about":[{"href":"https:\/\/www.kfz-biermair.at\/index.php?rest_route=\/wp\/v2\/types\/product"}],"wp:featuredmedia":[{"embeddable":true,"href":"https:\/\/www.kfz-biermair.at\/index.php?rest_route=\/wp\/v2\/media\/26858"}],"wp:attachment":[{"href":"https:\/\/www.kfz-biermair.at\/index.php?rest_route=%2Fwp%2Fv2%2Fmedia&parent=26853"}],"wp:term":[{"taxonomy":"product_brand","embeddable":true,"href":"https:\/\/www.kfz-biermair.at\/index.php?rest_route=%2Fwp%2Fv2%2Fproduct_brand&post=26853"},{"taxonomy":"product_cat","embeddable":true,"href":"https:\/\/www.kfz-biermair.at\/index.php?rest_route=%2Fwp%2Fv2%2Fproduct_cat&post=26853"},{"taxonomy":"product_tag","embeddable":true,"href":"https:\/\/www.kfz-biermair.at\/index.php?rest_route=%2Fwp%2Fv2%2Fproduct_tag&post=26853"}],"curies":[{"name":"wp","href":"https:\/\/api.w.org\/{rel}","templated":true}]}}