












{"id":26939,"date":"2026-05-05T15:14:15","date_gmt":"2026-05-05T13:14:15","guid":{"rendered":"https:\/\/www.kfz-biermair.at\/?post_type=product&#038;p=26939"},"modified":"2026-05-05T15:17:08","modified_gmt":"2026-05-05T13:17:08","slug":"tuerschaftleiste-links-vorne-vw-sharan","status":"publish","type":"product","link":"https:\/\/www.kfz-biermair.at\/?product=tuerschaftleiste-links-vorne-vw-sharan","title":{"rendered":"T\u00fcrschaftleiste links vorne &#8211; VW Sharan,.."},"content":{"rendered":"","protected":false},"excerpt":{"rendered":"<p>T\u00fcrschaftleiste f\u00fcr links vorne<br \/>\nVW Sharan, Seat Alhambra, Ford Galaxy<br \/>\nBaujahr 2003<br \/>\nOriginalteil<br \/>\nGebrauchtteil<\/p>\n","protected":false},"featured_media":26940,"template":"","meta":[],"product_brand":[],"product_cat":[68,122,26],"product_tag":[],"class_list":{"0":"post-26939","1":"product","2":"type-product","3":"status-publish","4":"has-post-thumbnail","6":"product_cat-alhambra","7":"product_cat-galaxy","8":"product_cat-sharan","10":"first","11":"instock","12":"taxable","13":"shipping-taxable","14":"purchasable","15":"product-type-simple"},"_links":{"self":[{"href":"https:\/\/www.kfz-biermair.at\/index.php?rest_route=\/wp\/v2\/product\/26939","targetHints":{"allow":["GET"]}}],"collection":[{"href":"https:\/\/www.kfz-biermair.at\/index.php?rest_route=\/wp\/v2\/product"}],"about":[{"href":"https:\/\/www.kfz-biermair.at\/index.php?rest_route=\/wp\/v2\/types\/product"}],"wp:featuredmedia":[{"embeddable":true,"href":"https:\/\/www.kfz-biermair.at\/index.php?rest_route=\/wp\/v2\/media\/26940"}],"wp:attachment":[{"href":"https:\/\/www.kfz-biermair.at\/index.php?rest_route=%2Fwp%2Fv2%2Fmedia&parent=26939"}],"wp:term":[{"taxonomy":"product_brand","embeddable":true,"href":"https:\/\/www.kfz-biermair.at\/index.php?rest_route=%2Fwp%2Fv2%2Fproduct_brand&post=26939"},{"taxonomy":"product_cat","embeddable":true,"href":"https:\/\/www.kfz-biermair.at\/index.php?rest_route=%2Fwp%2Fv2%2Fproduct_cat&post=26939"},{"taxonomy":"product_tag","embeddable":true,"href":"https:\/\/www.kfz-biermair.at\/index.php?rest_route=%2Fwp%2Fv2%2Fproduct_tag&post=26939"}],"curies":[{"name":"wp","href":"https:\/\/api.w.org\/{rel}","templated":true}]}}