












{"id":2735,"date":"2022-03-15T16:34:41","date_gmt":"2022-03-15T15:34:41","guid":{"rendered":"https:\/\/www.kfz-biermair.at\/?post_type=product&#038;p=2735"},"modified":"2022-03-15T16:34:42","modified_gmt":"2022-03-15T15:34:42","slug":"sommerkomplettraeder-fiat","status":"publish","type":"product","link":"https:\/\/www.kfz-biermair.at\/?product=sommerkomplettraeder-fiat","title":{"rendered":"Sommerkomplettr\u00e4der &#8211; Fiat"},"content":{"rendered":"","protected":false},"excerpt":{"rendered":"<p>Sommerkomplettr\u00e4der f\u00fcr Fiat<\/p>\n<p>7Jx16, ET31, Lochkreis 4&#215;98<\/p>\n<p>Reifen 205\/55R16 &#8211; 2x Hankook Ventus Prime3 &#8211; 4mm, DOT 4118<\/p>\n<p>\u00a0 \u00a0 \u00a0 \u00a0 \u00a0 \u00a0 \u00a0 \u00a0 \u00a0 \u00a0 \u00a0 \u00a0 \u00a0 \u00a0 \u00a0 \u00a0 \u00a0 \u00a0 2x Bridgestone Turanza &#8211; 5mm, DOT 0621<\/p>\n<p>Felgen laufen rund und haben minimale Sch\u00e4den<\/p>\n<p>Gebrauchtteile !!<\/p>\n<p>&nbsp;<\/p>\n<p>&nbsp;<\/p>\n<p>&nbsp;<\/p>\n","protected":false},"featured_media":2736,"template":"","meta":[],"product_brand":[],"product_cat":[165,131],"product_tag":[],"class_list":{"0":"post-2735","1":"product","2":"type-product","3":"status-publish","4":"has-post-thumbnail","6":"product_cat-alufelgen","7":"product_cat-sonstige-fiat","9":"first","10":"instock","11":"taxable","12":"shipping-taxable","13":"purchasable","14":"product-type-simple"},"_links":{"self":[{"href":"https:\/\/www.kfz-biermair.at\/index.php?rest_route=\/wp\/v2\/product\/2735","targetHints":{"allow":["GET"]}}],"collection":[{"href":"https:\/\/www.kfz-biermair.at\/index.php?rest_route=\/wp\/v2\/product"}],"about":[{"href":"https:\/\/www.kfz-biermair.at\/index.php?rest_route=\/wp\/v2\/types\/product"}],"wp:featuredmedia":[{"embeddable":true,"href":"https:\/\/www.kfz-biermair.at\/index.php?rest_route=\/wp\/v2\/media\/2736"}],"wp:attachment":[{"href":"https:\/\/www.kfz-biermair.at\/index.php?rest_route=%2Fwp%2Fv2%2Fmedia&parent=2735"}],"wp:term":[{"taxonomy":"product_brand","embeddable":true,"href":"https:\/\/www.kfz-biermair.at\/index.php?rest_route=%2Fwp%2Fv2%2Fproduct_brand&post=2735"},{"taxonomy":"product_cat","embeddable":true,"href":"https:\/\/www.kfz-biermair.at\/index.php?rest_route=%2Fwp%2Fv2%2Fproduct_cat&post=2735"},{"taxonomy":"product_tag","embeddable":true,"href":"https:\/\/www.kfz-biermair.at\/index.php?rest_route=%2Fwp%2Fv2%2Fproduct_tag&post=2735"}],"curies":[{"name":"wp","href":"https:\/\/api.w.org\/{rel}","templated":true}]}}