












{"id":2784,"date":"2022-03-16T14:11:07","date_gmt":"2022-03-16T13:11:07","guid":{"rendered":"https:\/\/www.kfz-biermair.at\/?post_type=product&#038;p=2784"},"modified":"2022-04-05T15:17:25","modified_gmt":"2022-04-05T13:17:25","slug":"stossdaempfer-hinten-5tuerer-kein-kombi","status":"publish","type":"product","link":"https:\/\/www.kfz-biermair.at\/?product=stossdaempfer-hinten-5tuerer-kein-kombi","title":{"rendered":"Sto\u00dfd\u00e4mpfer hinten &#8211; 5T\u00fcrer &#8211; kein Kombi !! &#8211; VW Golf III"},"content":{"rendered":"","protected":false},"excerpt":{"rendered":"<p>Sto\u00dfd\u00e4mpfer hinten f\u00fcr VW Golf III, 5T\u00fcrig &#8211; kein Kombi !!<\/p>\n<p>Setpreis\u00a0<\/p>\n<p>Gebrauchtteile !!<\/p>\n<p>&nbsp;<\/p>\n","protected":false},"featured_media":2785,"template":"","meta":[],"product_brand":[],"product_cat":[41],"product_tag":[],"class_list":{"0":"post-2784","1":"product","2":"type-product","3":"status-publish","4":"has-post-thumbnail","6":"product_cat-golf-iii","8":"first","9":"instock","10":"taxable","11":"shipping-taxable","12":"purchasable","13":"product-type-simple"},"_links":{"self":[{"href":"https:\/\/www.kfz-biermair.at\/index.php?rest_route=\/wp\/v2\/product\/2784","targetHints":{"allow":["GET"]}}],"collection":[{"href":"https:\/\/www.kfz-biermair.at\/index.php?rest_route=\/wp\/v2\/product"}],"about":[{"href":"https:\/\/www.kfz-biermair.at\/index.php?rest_route=\/wp\/v2\/types\/product"}],"wp:featuredmedia":[{"embeddable":true,"href":"https:\/\/www.kfz-biermair.at\/index.php?rest_route=\/wp\/v2\/media\/2785"}],"wp:attachment":[{"href":"https:\/\/www.kfz-biermair.at\/index.php?rest_route=%2Fwp%2Fv2%2Fmedia&parent=2784"}],"wp:term":[{"taxonomy":"product_brand","embeddable":true,"href":"https:\/\/www.kfz-biermair.at\/index.php?rest_route=%2Fwp%2Fv2%2Fproduct_brand&post=2784"},{"taxonomy":"product_cat","embeddable":true,"href":"https:\/\/www.kfz-biermair.at\/index.php?rest_route=%2Fwp%2Fv2%2Fproduct_cat&post=2784"},{"taxonomy":"product_tag","embeddable":true,"href":"https:\/\/www.kfz-biermair.at\/index.php?rest_route=%2Fwp%2Fv2%2Fproduct_tag&post=2784"}],"curies":[{"name":"wp","href":"https:\/\/api.w.org\/{rel}","templated":true}]}}