












{"id":2789,"date":"2022-03-16T14:14:47","date_gmt":"2022-03-16T13:14:47","guid":{"rendered":"https:\/\/www.kfz-biermair.at\/?post_type=product&#038;p=2789"},"modified":"2022-04-05T15:08:27","modified_gmt":"2022-04-05T13:08:27","slug":"stossdaempfer-vorne-5tuerer-kein-kombi","status":"publish","type":"product","link":"https:\/\/www.kfz-biermair.at\/?product=stossdaempfer-vorne-5tuerer-kein-kombi","title":{"rendered":"Sto\u00dfd\u00e4mpfer vorne &#8211; 5T\u00fcrer &#8211; kein Kombi !!- VW Golf III"},"content":{"rendered":"","protected":false},"excerpt":{"rendered":"<p>Sto\u00dfd\u00e4mpfer vorne f\u00fcr VW Golf III &#8211; 5T\u00fcrer &#8211; kein Kombi !!<\/p>\n<p>Setpreis !!<\/p>\n<p>Gebrauchtteile !!<\/p>\n<p>&nbsp;<\/p>\n","protected":false},"featured_media":2790,"template":"","meta":[],"product_brand":[],"product_cat":[41],"product_tag":[],"class_list":{"0":"post-2789","1":"product","2":"type-product","3":"status-publish","4":"has-post-thumbnail","6":"product_cat-golf-iii","8":"first","9":"instock","10":"taxable","11":"shipping-taxable","12":"purchasable","13":"product-type-simple"},"_links":{"self":[{"href":"https:\/\/www.kfz-biermair.at\/index.php?rest_route=\/wp\/v2\/product\/2789","targetHints":{"allow":["GET"]}}],"collection":[{"href":"https:\/\/www.kfz-biermair.at\/index.php?rest_route=\/wp\/v2\/product"}],"about":[{"href":"https:\/\/www.kfz-biermair.at\/index.php?rest_route=\/wp\/v2\/types\/product"}],"wp:featuredmedia":[{"embeddable":true,"href":"https:\/\/www.kfz-biermair.at\/index.php?rest_route=\/wp\/v2\/media\/2790"}],"wp:attachment":[{"href":"https:\/\/www.kfz-biermair.at\/index.php?rest_route=%2Fwp%2Fv2%2Fmedia&parent=2789"}],"wp:term":[{"taxonomy":"product_brand","embeddable":true,"href":"https:\/\/www.kfz-biermair.at\/index.php?rest_route=%2Fwp%2Fv2%2Fproduct_brand&post=2789"},{"taxonomy":"product_cat","embeddable":true,"href":"https:\/\/www.kfz-biermair.at\/index.php?rest_route=%2Fwp%2Fv2%2Fproduct_cat&post=2789"},{"taxonomy":"product_tag","embeddable":true,"href":"https:\/\/www.kfz-biermair.at\/index.php?rest_route=%2Fwp%2Fv2%2Fproduct_tag&post=2789"}],"curies":[{"name":"wp","href":"https:\/\/api.w.org\/{rel}","templated":true}]}}