












{"id":2954,"date":"2022-03-23T15:01:38","date_gmt":"2022-03-23T14:01:38","guid":{"rendered":"https:\/\/www.kfz-biermair.at\/?post_type=product&#038;p=2954"},"modified":"2022-03-23T15:01:38","modified_gmt":"2022-03-23T14:01:38","slug":"ruecklicht-links-renault-21-limousine","status":"publish","type":"product","link":"https:\/\/www.kfz-biermair.at\/?product=ruecklicht-links-renault-21-limousine","title":{"rendered":"R\u00fccklicht links &#8211; Renault 21 Limousine"},"content":{"rendered":"","protected":false},"excerpt":{"rendered":"<p>R\u00fccklicht links f\u00fcr Renault 21 Limousine<\/p>\n<p>Originalnummer 7700792910<\/p>\n<p>Originalteil &#8211; gebraucht !!<\/p>\n<p>&nbsp;<\/p>\n","protected":false},"featured_media":2955,"template":"","meta":[],"product_brand":[],"product_cat":[76],"product_tag":[],"class_list":{"0":"post-2954","1":"product","2":"type-product","3":"status-publish","4":"has-post-thumbnail","6":"product_cat-sonstige-renault","8":"first","9":"instock","10":"taxable","11":"shipping-taxable","12":"purchasable","13":"product-type-simple"},"_links":{"self":[{"href":"https:\/\/www.kfz-biermair.at\/index.php?rest_route=\/wp\/v2\/product\/2954","targetHints":{"allow":["GET"]}}],"collection":[{"href":"https:\/\/www.kfz-biermair.at\/index.php?rest_route=\/wp\/v2\/product"}],"about":[{"href":"https:\/\/www.kfz-biermair.at\/index.php?rest_route=\/wp\/v2\/types\/product"}],"wp:featuredmedia":[{"embeddable":true,"href":"https:\/\/www.kfz-biermair.at\/index.php?rest_route=\/wp\/v2\/media\/2955"}],"wp:attachment":[{"href":"https:\/\/www.kfz-biermair.at\/index.php?rest_route=%2Fwp%2Fv2%2Fmedia&parent=2954"}],"wp:term":[{"taxonomy":"product_brand","embeddable":true,"href":"https:\/\/www.kfz-biermair.at\/index.php?rest_route=%2Fwp%2Fv2%2Fproduct_brand&post=2954"},{"taxonomy":"product_cat","embeddable":true,"href":"https:\/\/www.kfz-biermair.at\/index.php?rest_route=%2Fwp%2Fv2%2Fproduct_cat&post=2954"},{"taxonomy":"product_tag","embeddable":true,"href":"https:\/\/www.kfz-biermair.at\/index.php?rest_route=%2Fwp%2Fv2%2Fproduct_tag&post=2954"}],"curies":[{"name":"wp","href":"https:\/\/api.w.org\/{rel}","templated":true}]}}