












{"id":3355,"date":"2022-04-12T16:10:56","date_gmt":"2022-04-12T14:10:56","guid":{"rendered":"https:\/\/www.kfz-biermair.at\/?post_type=product&#038;p=3355"},"modified":"2022-04-12T16:13:01","modified_gmt":"2022-04-12T14:13:01","slug":"alufelgen-ats-fuer-vw","status":"publish","type":"product","link":"https:\/\/www.kfz-biermair.at\/?product=alufelgen-ats-fuer-vw","title":{"rendered":"Alufelgen ATS &#8211; f\u00fcr VW"},"content":{"rendered":"","protected":false},"excerpt":{"rendered":"<p>Alufelgen ATS f\u00fcr VW &#8211; 1 St\u00fcck Felge leicht besch\u00e4digt, Rundlauf okay !!<\/p>\n<p>4&#215;100 , ET31<\/p>\n<p>6J x 13, Mittelloch 57mm<\/p>\n<p>Komplett mit Bereifung 175\/60R13, Profiltiefe 2,5mm<\/p>\n<p>Gebrauchtteile !!<\/p>\n<p>&nbsp;<\/p>\n","protected":false},"featured_media":3357,"template":"","meta":[],"product_brand":[],"product_cat":[165,24],"product_tag":[],"class_list":{"0":"post-3355","1":"product","2":"type-product","3":"status-publish","4":"has-post-thumbnail","6":"product_cat-alufelgen","7":"product_cat-vw","9":"first","10":"instock","11":"taxable","12":"shipping-taxable","13":"purchasable","14":"product-type-simple"},"_links":{"self":[{"href":"https:\/\/www.kfz-biermair.at\/index.php?rest_route=\/wp\/v2\/product\/3355","targetHints":{"allow":["GET"]}}],"collection":[{"href":"https:\/\/www.kfz-biermair.at\/index.php?rest_route=\/wp\/v2\/product"}],"about":[{"href":"https:\/\/www.kfz-biermair.at\/index.php?rest_route=\/wp\/v2\/types\/product"}],"wp:featuredmedia":[{"embeddable":true,"href":"https:\/\/www.kfz-biermair.at\/index.php?rest_route=\/wp\/v2\/media\/3357"}],"wp:attachment":[{"href":"https:\/\/www.kfz-biermair.at\/index.php?rest_route=%2Fwp%2Fv2%2Fmedia&parent=3355"}],"wp:term":[{"taxonomy":"product_brand","embeddable":true,"href":"https:\/\/www.kfz-biermair.at\/index.php?rest_route=%2Fwp%2Fv2%2Fproduct_brand&post=3355"},{"taxonomy":"product_cat","embeddable":true,"href":"https:\/\/www.kfz-biermair.at\/index.php?rest_route=%2Fwp%2Fv2%2Fproduct_cat&post=3355"},{"taxonomy":"product_tag","embeddable":true,"href":"https:\/\/www.kfz-biermair.at\/index.php?rest_route=%2Fwp%2Fv2%2Fproduct_tag&post=3355"}],"curies":[{"name":"wp","href":"https:\/\/api.w.org\/{rel}","templated":true}]}}