












{"id":3864,"date":"2022-05-02T18:11:02","date_gmt":"2022-05-02T16:11:02","guid":{"rendered":"https:\/\/www.kfz-biermair.at\/?post_type=product&#038;p=3864"},"modified":"2024-03-13T08:59:51","modified_gmt":"2024-03-13T07:59:51","slug":"achstraeger-vorne-peugeot-expert","status":"publish","type":"product","link":"https:\/\/www.kfz-biermair.at\/?product=achstraeger-vorne-peugeot-expert","title":{"rendered":"Achstr\u00e4ger vorne &#8211; Peugeot Expert"},"content":{"rendered":"","protected":false},"excerpt":{"rendered":"<p>Achstr\u00e4ger vorne f\u00fcr Peugeot Expert, Fiat Scudo, Citroen Jumpy<\/p>\n<p>Baujahr ab 2007<\/p>\n<p>Korrosion behandelt<\/p>\n<p>Originalteil &#8211; gebraucht !!<\/p>\n<p>&nbsp;<\/p>\n","protected":false},"featured_media":3865,"template":"","meta":[],"product_brand":[],"product_cat":[201,131,133],"product_tag":[],"class_list":{"0":"post-3864","1":"product","2":"type-product","3":"status-publish","4":"has-post-thumbnail","6":"product_cat-expert","7":"product_cat-sonstige-fiat","8":"product_cat-sonstige-citroen","10":"first","11":"instock","12":"taxable","13":"shipping-taxable","14":"purchasable","15":"product-type-simple"},"_links":{"self":[{"href":"https:\/\/www.kfz-biermair.at\/index.php?rest_route=\/wp\/v2\/product\/3864","targetHints":{"allow":["GET"]}}],"collection":[{"href":"https:\/\/www.kfz-biermair.at\/index.php?rest_route=\/wp\/v2\/product"}],"about":[{"href":"https:\/\/www.kfz-biermair.at\/index.php?rest_route=\/wp\/v2\/types\/product"}],"wp:featuredmedia":[{"embeddable":true,"href":"https:\/\/www.kfz-biermair.at\/index.php?rest_route=\/wp\/v2\/media\/3865"}],"wp:attachment":[{"href":"https:\/\/www.kfz-biermair.at\/index.php?rest_route=%2Fwp%2Fv2%2Fmedia&parent=3864"}],"wp:term":[{"taxonomy":"product_brand","embeddable":true,"href":"https:\/\/www.kfz-biermair.at\/index.php?rest_route=%2Fwp%2Fv2%2Fproduct_brand&post=3864"},{"taxonomy":"product_cat","embeddable":true,"href":"https:\/\/www.kfz-biermair.at\/index.php?rest_route=%2Fwp%2Fv2%2Fproduct_cat&post=3864"},{"taxonomy":"product_tag","embeddable":true,"href":"https:\/\/www.kfz-biermair.at\/index.php?rest_route=%2Fwp%2Fv2%2Fproduct_tag&post=3864"}],"curies":[{"name":"wp","href":"https:\/\/api.w.org\/{rel}","templated":true}]}}