












{"id":3876,"date":"2022-05-02T18:19:35","date_gmt":"2022-05-02T16:19:35","guid":{"rendered":"https:\/\/www.kfz-biermair.at\/?post_type=product&#038;p=3876"},"modified":"2024-03-13T08:59:23","modified_gmt":"2024-03-13T07:59:23","slug":"kuehlergrill-peugeot-expert","status":"publish","type":"product","link":"https:\/\/www.kfz-biermair.at\/?product=kuehlergrill-peugeot-expert","title":{"rendered":"K\u00fchlergrill &#8211; Peugeot Expert"},"content":{"rendered":"","protected":false},"excerpt":{"rendered":"<p>K\u00fchlergrill incl. Emblem f\u00fcr Peugeot Expert<\/p>\n<p>ab Baujahr 2007<\/p>\n<p>Originalteil !!<\/p>\n<p>&nbsp;<\/p>\n","protected":false},"featured_media":3877,"template":"","meta":[],"product_brand":[],"product_cat":[201],"product_tag":[],"class_list":{"0":"post-3876","1":"product","2":"type-product","3":"status-publish","4":"has-post-thumbnail","6":"product_cat-expert","8":"first","9":"instock","10":"taxable","11":"shipping-taxable","12":"purchasable","13":"product-type-simple"},"_links":{"self":[{"href":"https:\/\/www.kfz-biermair.at\/index.php?rest_route=\/wp\/v2\/product\/3876","targetHints":{"allow":["GET"]}}],"collection":[{"href":"https:\/\/www.kfz-biermair.at\/index.php?rest_route=\/wp\/v2\/product"}],"about":[{"href":"https:\/\/www.kfz-biermair.at\/index.php?rest_route=\/wp\/v2\/types\/product"}],"wp:featuredmedia":[{"embeddable":true,"href":"https:\/\/www.kfz-biermair.at\/index.php?rest_route=\/wp\/v2\/media\/3877"}],"wp:attachment":[{"href":"https:\/\/www.kfz-biermair.at\/index.php?rest_route=%2Fwp%2Fv2%2Fmedia&parent=3876"}],"wp:term":[{"taxonomy":"product_brand","embeddable":true,"href":"https:\/\/www.kfz-biermair.at\/index.php?rest_route=%2Fwp%2Fv2%2Fproduct_brand&post=3876"},{"taxonomy":"product_cat","embeddable":true,"href":"https:\/\/www.kfz-biermair.at\/index.php?rest_route=%2Fwp%2Fv2%2Fproduct_cat&post=3876"},{"taxonomy":"product_tag","embeddable":true,"href":"https:\/\/www.kfz-biermair.at\/index.php?rest_route=%2Fwp%2Fv2%2Fproduct_tag&post=3876"}],"curies":[{"name":"wp","href":"https:\/\/api.w.org\/{rel}","templated":true}]}}