












{"id":4071,"date":"2022-09-07T14:16:36","date_gmt":"2022-09-07T12:16:36","guid":{"rendered":"https:\/\/www.kfz-biermair.at\/?post_type=product&#038;p=4071"},"modified":"2022-09-07T14:16:37","modified_gmt":"2022-09-07T12:16:37","slug":"mmi-steuergeraet-audi-a4","status":"publish","type":"product","link":"https:\/\/www.kfz-biermair.at\/?product=mmi-steuergeraet-audi-a4","title":{"rendered":"MMI Steuerger\u00e4t &#8211; Audi A4"},"content":{"rendered":"","protected":false},"excerpt":{"rendered":"<p>MMI Steuerger\u00e4t f\u00fcr Audi A4B8<\/p>\n<p>8T1 035 652D<\/p>\n<p>Originalteil &#8211; gebraucht !!<\/p>\n<p>&nbsp;<\/p>\n","protected":false},"featured_media":4072,"template":"","meta":[],"product_brand":[],"product_cat":[144],"product_tag":[],"class_list":{"0":"post-4071","1":"product","2":"type-product","3":"status-publish","4":"has-post-thumbnail","6":"product_cat-a4-b8","8":"first","9":"instock","10":"taxable","11":"shipping-taxable","12":"purchasable","13":"product-type-simple"},"_links":{"self":[{"href":"https:\/\/www.kfz-biermair.at\/index.php?rest_route=\/wp\/v2\/product\/4071","targetHints":{"allow":["GET"]}}],"collection":[{"href":"https:\/\/www.kfz-biermair.at\/index.php?rest_route=\/wp\/v2\/product"}],"about":[{"href":"https:\/\/www.kfz-biermair.at\/index.php?rest_route=\/wp\/v2\/types\/product"}],"wp:featuredmedia":[{"embeddable":true,"href":"https:\/\/www.kfz-biermair.at\/index.php?rest_route=\/wp\/v2\/media\/4072"}],"wp:attachment":[{"href":"https:\/\/www.kfz-biermair.at\/index.php?rest_route=%2Fwp%2Fv2%2Fmedia&parent=4071"}],"wp:term":[{"taxonomy":"product_brand","embeddable":true,"href":"https:\/\/www.kfz-biermair.at\/index.php?rest_route=%2Fwp%2Fv2%2Fproduct_brand&post=4071"},{"taxonomy":"product_cat","embeddable":true,"href":"https:\/\/www.kfz-biermair.at\/index.php?rest_route=%2Fwp%2Fv2%2Fproduct_cat&post=4071"},{"taxonomy":"product_tag","embeddable":true,"href":"https:\/\/www.kfz-biermair.at\/index.php?rest_route=%2Fwp%2Fv2%2Fproduct_tag&post=4071"}],"curies":[{"name":"wp","href":"https:\/\/api.w.org\/{rel}","templated":true}]}}