












{"id":4193,"date":"2022-09-07T15:22:39","date_gmt":"2022-09-07T13:22:39","guid":{"rendered":"https:\/\/www.kfz-biermair.at\/?post_type=product&#038;p=4193"},"modified":"2022-09-07T15:22:39","modified_gmt":"2022-09-07T13:22:39","slug":"ruecklicht-rechts-ford-fiesta","status":"publish","type":"product","link":"https:\/\/www.kfz-biermair.at\/?product=ruecklicht-rechts-ford-fiesta","title":{"rendered":"R\u00fccklicht rechts &#8211; Ford Fiesta"},"content":{"rendered":"","protected":false},"excerpt":{"rendered":"<p>R\u00fccklicht rechts f\u00fcr Ford Fiesta, Bj: 1993<\/p>\n<p>1 St\u00fcck ohne Besch\u00e4digung \u20ac 20,00<\/p>\n<p>1 St\u00fcck mit Besch\u00e4digung \u20ac 15,00<\/p>\n<p>Gebrauchtteil !!<\/p>\n<p>&nbsp;<\/p>\n","protected":false},"featured_media":4194,"template":"","meta":[],"product_brand":[],"product_cat":[124],"product_tag":[],"class_list":{"0":"post-4193","1":"product","2":"type-product","3":"status-publish","4":"has-post-thumbnail","6":"product_cat-sonstige-ford","8":"first","9":"instock","10":"taxable","11":"shipping-taxable","12":"purchasable","13":"product-type-simple"},"_links":{"self":[{"href":"https:\/\/www.kfz-biermair.at\/index.php?rest_route=\/wp\/v2\/product\/4193","targetHints":{"allow":["GET"]}}],"collection":[{"href":"https:\/\/www.kfz-biermair.at\/index.php?rest_route=\/wp\/v2\/product"}],"about":[{"href":"https:\/\/www.kfz-biermair.at\/index.php?rest_route=\/wp\/v2\/types\/product"}],"wp:featuredmedia":[{"embeddable":true,"href":"https:\/\/www.kfz-biermair.at\/index.php?rest_route=\/wp\/v2\/media\/4194"}],"wp:attachment":[{"href":"https:\/\/www.kfz-biermair.at\/index.php?rest_route=%2Fwp%2Fv2%2Fmedia&parent=4193"}],"wp:term":[{"taxonomy":"product_brand","embeddable":true,"href":"https:\/\/www.kfz-biermair.at\/index.php?rest_route=%2Fwp%2Fv2%2Fproduct_brand&post=4193"},{"taxonomy":"product_cat","embeddable":true,"href":"https:\/\/www.kfz-biermair.at\/index.php?rest_route=%2Fwp%2Fv2%2Fproduct_cat&post=4193"},{"taxonomy":"product_tag","embeddable":true,"href":"https:\/\/www.kfz-biermair.at\/index.php?rest_route=%2Fwp%2Fv2%2Fproduct_tag&post=4193"}],"curies":[{"name":"wp","href":"https:\/\/api.w.org\/{rel}","templated":true}]}}