












{"id":4200,"date":"2022-09-07T15:41:08","date_gmt":"2022-09-07T13:41:08","guid":{"rendered":"https:\/\/www.kfz-biermair.at\/?post_type=product&#038;p=4200"},"modified":"2022-09-07T15:41:08","modified_gmt":"2022-09-07T13:41:08","slug":"ruecklichtabdeckung-ford-puma","status":"publish","type":"product","link":"https:\/\/www.kfz-biermair.at\/?product=ruecklichtabdeckung-ford-puma","title":{"rendered":"R\u00fccklichtabdeckung &#8211; Ford Puma"},"content":{"rendered":"","protected":false},"excerpt":{"rendered":"<p>R\u00fccklichtabdeckung f\u00fcr Ford Puma<\/p>\n<p>links und rechts &#8211; Setpreis \u20ac 20,00<\/p>\n<p>V97FB-13K432-AF<\/p>\n<p>V97FB-13K431-AF<\/p>\n<p>Originalteil &#8211; gebraucht !!<\/p>\n<p>&nbsp;<\/p>\n","protected":false},"featured_media":4201,"template":"","meta":[],"product_brand":[],"product_cat":[124],"product_tag":[],"class_list":{"0":"post-4200","1":"product","2":"type-product","3":"status-publish","4":"has-post-thumbnail","6":"product_cat-sonstige-ford","8":"first","9":"instock","10":"taxable","11":"shipping-taxable","12":"purchasable","13":"product-type-simple"},"_links":{"self":[{"href":"https:\/\/www.kfz-biermair.at\/index.php?rest_route=\/wp\/v2\/product\/4200","targetHints":{"allow":["GET"]}}],"collection":[{"href":"https:\/\/www.kfz-biermair.at\/index.php?rest_route=\/wp\/v2\/product"}],"about":[{"href":"https:\/\/www.kfz-biermair.at\/index.php?rest_route=\/wp\/v2\/types\/product"}],"wp:featuredmedia":[{"embeddable":true,"href":"https:\/\/www.kfz-biermair.at\/index.php?rest_route=\/wp\/v2\/media\/4201"}],"wp:attachment":[{"href":"https:\/\/www.kfz-biermair.at\/index.php?rest_route=%2Fwp%2Fv2%2Fmedia&parent=4200"}],"wp:term":[{"taxonomy":"product_brand","embeddable":true,"href":"https:\/\/www.kfz-biermair.at\/index.php?rest_route=%2Fwp%2Fv2%2Fproduct_brand&post=4200"},{"taxonomy":"product_cat","embeddable":true,"href":"https:\/\/www.kfz-biermair.at\/index.php?rest_route=%2Fwp%2Fv2%2Fproduct_cat&post=4200"},{"taxonomy":"product_tag","embeddable":true,"href":"https:\/\/www.kfz-biermair.at\/index.php?rest_route=%2Fwp%2Fv2%2Fproduct_tag&post=4200"}],"curies":[{"name":"wp","href":"https:\/\/api.w.org\/{rel}","templated":true}]}}