












{"id":4253,"date":"2022-09-09T13:25:52","date_gmt":"2022-09-09T11:25:52","guid":{"rendered":"https:\/\/www.kfz-biermair.at\/?post_type=product&#038;p=4253"},"modified":"2022-09-09T13:25:52","modified_gmt":"2022-09-09T11:25:52","slug":"ruecklicht-links-innen-ford-escort","status":"publish","type":"product","link":"https:\/\/www.kfz-biermair.at\/?product=ruecklicht-links-innen-ford-escort","title":{"rendered":"R\u00fccklicht links innen &#8211; Ford Escort"},"content":{"rendered":"","protected":false},"excerpt":{"rendered":"<p>R\u00fccklicht links innen f\u00fcr Ford Escort. Bj. 1995<\/p>\n<p>93AG15K258<\/p>\n<p>Gebrauchtteil !!<\/p>\n<p>&nbsp;<\/p>\n","protected":false},"featured_media":4254,"template":"","meta":[],"product_brand":[],"product_cat":[124],"product_tag":[],"class_list":{"0":"post-4253","1":"product","2":"type-product","3":"status-publish","4":"has-post-thumbnail","6":"product_cat-sonstige-ford","8":"first","9":"instock","10":"taxable","11":"shipping-taxable","12":"purchasable","13":"product-type-simple"},"_links":{"self":[{"href":"https:\/\/www.kfz-biermair.at\/index.php?rest_route=\/wp\/v2\/product\/4253","targetHints":{"allow":["GET"]}}],"collection":[{"href":"https:\/\/www.kfz-biermair.at\/index.php?rest_route=\/wp\/v2\/product"}],"about":[{"href":"https:\/\/www.kfz-biermair.at\/index.php?rest_route=\/wp\/v2\/types\/product"}],"wp:featuredmedia":[{"embeddable":true,"href":"https:\/\/www.kfz-biermair.at\/index.php?rest_route=\/wp\/v2\/media\/4254"}],"wp:attachment":[{"href":"https:\/\/www.kfz-biermair.at\/index.php?rest_route=%2Fwp%2Fv2%2Fmedia&parent=4253"}],"wp:term":[{"taxonomy":"product_brand","embeddable":true,"href":"https:\/\/www.kfz-biermair.at\/index.php?rest_route=%2Fwp%2Fv2%2Fproduct_brand&post=4253"},{"taxonomy":"product_cat","embeddable":true,"href":"https:\/\/www.kfz-biermair.at\/index.php?rest_route=%2Fwp%2Fv2%2Fproduct_cat&post=4253"},{"taxonomy":"product_tag","embeddable":true,"href":"https:\/\/www.kfz-biermair.at\/index.php?rest_route=%2Fwp%2Fv2%2Fproduct_tag&post=4253"}],"curies":[{"name":"wp","href":"https:\/\/api.w.org\/{rel}","templated":true}]}}