












{"id":4288,"date":"2022-09-09T14:00:31","date_gmt":"2022-09-09T12:00:31","guid":{"rendered":"https:\/\/www.kfz-biermair.at\/?post_type=product&#038;p=4288"},"modified":"2022-09-09T14:00:31","modified_gmt":"2022-09-09T12:00:31","slug":"ruecklicht-rechts-ford-focus-turnier","status":"publish","type":"product","link":"https:\/\/www.kfz-biermair.at\/?product=ruecklicht-rechts-ford-focus-turnier","title":{"rendered":"R\u00fccklicht rechts &#8211; Ford Focus Turnier"},"content":{"rendered":"","protected":false},"excerpt":{"rendered":"<p>R\u00fccklicht rechts f\u00fcr Ford Focus Turnier, Bj. 2000<\/p>\n<p>XS4X-13404-EC<\/p>\n<p>Originalteil &#8211; gebraucht!!<\/p>\n<p>&nbsp;<\/p>\n","protected":false},"featured_media":4289,"template":"","meta":[],"product_brand":[],"product_cat":[123],"product_tag":[],"class_list":{"0":"post-4288","1":"product","2":"type-product","3":"status-publish","4":"has-post-thumbnail","6":"product_cat-focus","8":"first","9":"instock","10":"taxable","11":"shipping-taxable","12":"purchasable","13":"product-type-simple"},"_links":{"self":[{"href":"https:\/\/www.kfz-biermair.at\/index.php?rest_route=\/wp\/v2\/product\/4288","targetHints":{"allow":["GET"]}}],"collection":[{"href":"https:\/\/www.kfz-biermair.at\/index.php?rest_route=\/wp\/v2\/product"}],"about":[{"href":"https:\/\/www.kfz-biermair.at\/index.php?rest_route=\/wp\/v2\/types\/product"}],"wp:featuredmedia":[{"embeddable":true,"href":"https:\/\/www.kfz-biermair.at\/index.php?rest_route=\/wp\/v2\/media\/4289"}],"wp:attachment":[{"href":"https:\/\/www.kfz-biermair.at\/index.php?rest_route=%2Fwp%2Fv2%2Fmedia&parent=4288"}],"wp:term":[{"taxonomy":"product_brand","embeddable":true,"href":"https:\/\/www.kfz-biermair.at\/index.php?rest_route=%2Fwp%2Fv2%2Fproduct_brand&post=4288"},{"taxonomy":"product_cat","embeddable":true,"href":"https:\/\/www.kfz-biermair.at\/index.php?rest_route=%2Fwp%2Fv2%2Fproduct_cat&post=4288"},{"taxonomy":"product_tag","embeddable":true,"href":"https:\/\/www.kfz-biermair.at\/index.php?rest_route=%2Fwp%2Fv2%2Fproduct_tag&post=4288"}],"curies":[{"name":"wp","href":"https:\/\/api.w.org\/{rel}","templated":true}]}}