












{"id":4734,"date":"2023-01-17T15:05:25","date_gmt":"2023-01-17T14:05:25","guid":{"rendered":"https:\/\/www.kfz-biermair.at\/?post_type=product&#038;p=4734"},"modified":"2023-01-17T15:05:25","modified_gmt":"2023-01-17T14:05:25","slug":"kuehlergrill-peugeot-partner-9644758577","status":"publish","type":"product","link":"https:\/\/www.kfz-biermair.at\/?product=kuehlergrill-peugeot-partner-9644758577","title":{"rendered":"K\u00fchlergrill &#8211; Peugeot Partner 9644758577"},"content":{"rendered":"","protected":false},"excerpt":{"rendered":"<p>K\u00fchlergrill f\u00fcr Peugeot Partner Bj. 2002-2008<br \/>\n9644758577<br \/>\nincl. Emblem und Gitter<br \/>\nOriginalteil !!<br \/>\nGebrauchtteil !!<\/p>\n","protected":false},"featured_media":4735,"template":"","meta":[],"product_brand":[],"product_cat":[82],"product_tag":[],"class_list":{"0":"post-4734","1":"product","2":"type-product","3":"status-publish","4":"has-post-thumbnail","6":"product_cat-sonstige-peugeot","8":"first","9":"instock","10":"taxable","11":"shipping-taxable","12":"purchasable","13":"product-type-simple"},"_links":{"self":[{"href":"https:\/\/www.kfz-biermair.at\/index.php?rest_route=\/wp\/v2\/product\/4734","targetHints":{"allow":["GET"]}}],"collection":[{"href":"https:\/\/www.kfz-biermair.at\/index.php?rest_route=\/wp\/v2\/product"}],"about":[{"href":"https:\/\/www.kfz-biermair.at\/index.php?rest_route=\/wp\/v2\/types\/product"}],"wp:featuredmedia":[{"embeddable":true,"href":"https:\/\/www.kfz-biermair.at\/index.php?rest_route=\/wp\/v2\/media\/4735"}],"wp:attachment":[{"href":"https:\/\/www.kfz-biermair.at\/index.php?rest_route=%2Fwp%2Fv2%2Fmedia&parent=4734"}],"wp:term":[{"taxonomy":"product_brand","embeddable":true,"href":"https:\/\/www.kfz-biermair.at\/index.php?rest_route=%2Fwp%2Fv2%2Fproduct_brand&post=4734"},{"taxonomy":"product_cat","embeddable":true,"href":"https:\/\/www.kfz-biermair.at\/index.php?rest_route=%2Fwp%2Fv2%2Fproduct_cat&post=4734"},{"taxonomy":"product_tag","embeddable":true,"href":"https:\/\/www.kfz-biermair.at\/index.php?rest_route=%2Fwp%2Fv2%2Fproduct_tag&post=4734"}],"curies":[{"name":"wp","href":"https:\/\/api.w.org\/{rel}","templated":true}]}}