












{"id":4759,"date":"2023-01-17T15:21:11","date_gmt":"2023-01-17T14:21:11","guid":{"rendered":"https:\/\/www.kfz-biermair.at\/?post_type=product&#038;p=4759"},"modified":"2024-03-13T09:06:26","modified_gmt":"2024-03-13T08:06:26","slug":"stossfaenger-vorne-peugeot-106","status":"publish","type":"product","link":"https:\/\/www.kfz-biermair.at\/?product=stossfaenger-vorne-peugeot-106","title":{"rendered":"Sto\u00dff\u00e4nger vorne &#8211; Peugeot 106"},"content":{"rendered":"","protected":false},"excerpt":{"rendered":"<p>Sto\u00dff\u00e4nger vorne f\u00fcr Peugeot 106<br \/>\nleicht besch\u00e4digt incl. Nebelscheinwerfer ( Halter teils geklebt)<br \/>\n9620252277<br \/>\nOriginalteil<br \/>\nGebrauchtteil !!<\/p>\n","protected":false},"featured_media":4760,"template":"","meta":[],"product_brand":[],"product_cat":[200],"product_tag":[],"class_list":{"0":"post-4759","1":"product","2":"type-product","3":"status-publish","4":"has-post-thumbnail","6":"product_cat-200","8":"first","9":"instock","10":"taxable","11":"shipping-taxable","12":"purchasable","13":"product-type-simple"},"_links":{"self":[{"href":"https:\/\/www.kfz-biermair.at\/index.php?rest_route=\/wp\/v2\/product\/4759","targetHints":{"allow":["GET"]}}],"collection":[{"href":"https:\/\/www.kfz-biermair.at\/index.php?rest_route=\/wp\/v2\/product"}],"about":[{"href":"https:\/\/www.kfz-biermair.at\/index.php?rest_route=\/wp\/v2\/types\/product"}],"wp:featuredmedia":[{"embeddable":true,"href":"https:\/\/www.kfz-biermair.at\/index.php?rest_route=\/wp\/v2\/media\/4760"}],"wp:attachment":[{"href":"https:\/\/www.kfz-biermair.at\/index.php?rest_route=%2Fwp%2Fv2%2Fmedia&parent=4759"}],"wp:term":[{"taxonomy":"product_brand","embeddable":true,"href":"https:\/\/www.kfz-biermair.at\/index.php?rest_route=%2Fwp%2Fv2%2Fproduct_brand&post=4759"},{"taxonomy":"product_cat","embeddable":true,"href":"https:\/\/www.kfz-biermair.at\/index.php?rest_route=%2Fwp%2Fv2%2Fproduct_cat&post=4759"},{"taxonomy":"product_tag","embeddable":true,"href":"https:\/\/www.kfz-biermair.at\/index.php?rest_route=%2Fwp%2Fv2%2Fproduct_tag&post=4759"}],"curies":[{"name":"wp","href":"https:\/\/api.w.org\/{rel}","templated":true}]}}