












{"id":4767,"date":"2023-01-17T15:24:22","date_gmt":"2023-01-17T14:24:22","guid":{"rendered":"https:\/\/www.kfz-biermair.at\/?post_type=product&#038;p=4767"},"modified":"2024-03-13T08:57:38","modified_gmt":"2024-03-13T07:57:38","slug":"stossfaenger-vorne-peugeot-406-coupe","status":"publish","type":"product","link":"https:\/\/www.kfz-biermair.at\/?product=stossfaenger-vorne-peugeot-406-coupe","title":{"rendered":"Sto\u00dff\u00e4nger vorne &#8211; Peugeot 406 Coupe"},"content":{"rendered":"","protected":false},"excerpt":{"rendered":"<p>Sto\u00dff\u00e4nger vorne f\u00fcr Peugeot 406 Coupe<br \/>\nBaujahr 1997-2005<br \/>\nvorne besch\u00e4digt &#8211; Risse zusammengeheftet<br \/>\nGebrauchtteil !!<\/p>\n","protected":false},"featured_media":4768,"template":"","meta":[],"product_brand":[],"product_cat":[198],"product_tag":[],"class_list":{"0":"post-4767","1":"product","2":"type-product","3":"status-publish","4":"has-post-thumbnail","6":"product_cat-198","8":"first","9":"instock","10":"taxable","11":"shipping-taxable","12":"purchasable","13":"product-type-simple"},"_links":{"self":[{"href":"https:\/\/www.kfz-biermair.at\/index.php?rest_route=\/wp\/v2\/product\/4767","targetHints":{"allow":["GET"]}}],"collection":[{"href":"https:\/\/www.kfz-biermair.at\/index.php?rest_route=\/wp\/v2\/product"}],"about":[{"href":"https:\/\/www.kfz-biermair.at\/index.php?rest_route=\/wp\/v2\/types\/product"}],"wp:featuredmedia":[{"embeddable":true,"href":"https:\/\/www.kfz-biermair.at\/index.php?rest_route=\/wp\/v2\/media\/4768"}],"wp:attachment":[{"href":"https:\/\/www.kfz-biermair.at\/index.php?rest_route=%2Fwp%2Fv2%2Fmedia&parent=4767"}],"wp:term":[{"taxonomy":"product_brand","embeddable":true,"href":"https:\/\/www.kfz-biermair.at\/index.php?rest_route=%2Fwp%2Fv2%2Fproduct_brand&post=4767"},{"taxonomy":"product_cat","embeddable":true,"href":"https:\/\/www.kfz-biermair.at\/index.php?rest_route=%2Fwp%2Fv2%2Fproduct_cat&post=4767"},{"taxonomy":"product_tag","embeddable":true,"href":"https:\/\/www.kfz-biermair.at\/index.php?rest_route=%2Fwp%2Fv2%2Fproduct_tag&post=4767"}],"curies":[{"name":"wp","href":"https:\/\/api.w.org\/{rel}","templated":true}]}}