












{"id":4855,"date":"2023-01-17T17:44:16","date_gmt":"2023-01-17T16:44:16","guid":{"rendered":"https:\/\/www.kfz-biermair.at\/?post_type=product&#038;p=4855"},"modified":"2023-01-17T17:44:16","modified_gmt":"2023-01-17T16:44:16","slug":"luefterzarge-183289200001-peugeot-306","status":"publish","type":"product","link":"https:\/\/www.kfz-biermair.at\/?product=luefterzarge-183289200001-peugeot-306","title":{"rendered":"L\u00fcfterzarge 183289200001 &#8211; Peugeot 306"},"content":{"rendered":"","protected":false},"excerpt":{"rendered":"<p>L\u00fcfterzarge incl. L\u00fcfter-Kabelstrang f\u00fcr Peugeot 306<br \/>\n183289200001<br \/>\nOriginalteil<br \/>\nGebrauchtteil !!<\/p>\n","protected":false},"featured_media":4856,"template":"","meta":[],"product_brand":[],"product_cat":[79],"product_tag":[],"class_list":{"0":"post-4855","1":"product","2":"type-product","3":"status-publish","4":"has-post-thumbnail","6":"product_cat-79","8":"first","9":"instock","10":"taxable","11":"shipping-taxable","12":"purchasable","13":"product-type-simple"},"_links":{"self":[{"href":"https:\/\/www.kfz-biermair.at\/index.php?rest_route=\/wp\/v2\/product\/4855","targetHints":{"allow":["GET"]}}],"collection":[{"href":"https:\/\/www.kfz-biermair.at\/index.php?rest_route=\/wp\/v2\/product"}],"about":[{"href":"https:\/\/www.kfz-biermair.at\/index.php?rest_route=\/wp\/v2\/types\/product"}],"wp:featuredmedia":[{"embeddable":true,"href":"https:\/\/www.kfz-biermair.at\/index.php?rest_route=\/wp\/v2\/media\/4856"}],"wp:attachment":[{"href":"https:\/\/www.kfz-biermair.at\/index.php?rest_route=%2Fwp%2Fv2%2Fmedia&parent=4855"}],"wp:term":[{"taxonomy":"product_brand","embeddable":true,"href":"https:\/\/www.kfz-biermair.at\/index.php?rest_route=%2Fwp%2Fv2%2Fproduct_brand&post=4855"},{"taxonomy":"product_cat","embeddable":true,"href":"https:\/\/www.kfz-biermair.at\/index.php?rest_route=%2Fwp%2Fv2%2Fproduct_cat&post=4855"},{"taxonomy":"product_tag","embeddable":true,"href":"https:\/\/www.kfz-biermair.at\/index.php?rest_route=%2Fwp%2Fv2%2Fproduct_tag&post=4855"}],"curies":[{"name":"wp","href":"https:\/\/api.w.org\/{rel}","templated":true}]}}