












{"id":5058,"date":"2023-01-31T15:27:59","date_gmt":"2023-01-31T14:27:59","guid":{"rendered":"https:\/\/www.kfz-biermair.at\/?post_type=product&#038;p=5058"},"modified":"2023-01-31T15:27:59","modified_gmt":"2023-01-31T14:27:59","slug":"pumpe-duese-element-audi-a4-avb","status":"publish","type":"product","link":"https:\/\/www.kfz-biermair.at\/?product=pumpe-duese-element-audi-a4-avb","title":{"rendered":"Pumpe-D\u00fcse-Element &#8211; Audi A4, AVB"},"content":{"rendered":"","protected":false},"excerpt":{"rendered":"<p>Pumpe-D\u00fcse-Element f\u00fcr Audi A4 B6 &#8211; 1,9TDI<br \/>\nMotorcode: AVB<br \/>\nPreis pro St\u00fcck \u20ac 70,00<br \/>\nOriginalteile<br \/>\nGebrauchtteile !!<\/p>\n","protected":false},"featured_media":5059,"template":"","meta":[],"product_brand":[],"product_cat":[146],"product_tag":[],"class_list":{"0":"post-5058","1":"product","2":"type-product","3":"status-publish","4":"has-post-thumbnail","6":"product_cat-a4-b6","8":"first","9":"instock","10":"taxable","11":"shipping-taxable","12":"purchasable","13":"product-type-simple"},"_links":{"self":[{"href":"https:\/\/www.kfz-biermair.at\/index.php?rest_route=\/wp\/v2\/product\/5058","targetHints":{"allow":["GET"]}}],"collection":[{"href":"https:\/\/www.kfz-biermair.at\/index.php?rest_route=\/wp\/v2\/product"}],"about":[{"href":"https:\/\/www.kfz-biermair.at\/index.php?rest_route=\/wp\/v2\/types\/product"}],"wp:featuredmedia":[{"embeddable":true,"href":"https:\/\/www.kfz-biermair.at\/index.php?rest_route=\/wp\/v2\/media\/5059"}],"wp:attachment":[{"href":"https:\/\/www.kfz-biermair.at\/index.php?rest_route=%2Fwp%2Fv2%2Fmedia&parent=5058"}],"wp:term":[{"taxonomy":"product_brand","embeddable":true,"href":"https:\/\/www.kfz-biermair.at\/index.php?rest_route=%2Fwp%2Fv2%2Fproduct_brand&post=5058"},{"taxonomy":"product_cat","embeddable":true,"href":"https:\/\/www.kfz-biermair.at\/index.php?rest_route=%2Fwp%2Fv2%2Fproduct_cat&post=5058"},{"taxonomy":"product_tag","embeddable":true,"href":"https:\/\/www.kfz-biermair.at\/index.php?rest_route=%2Fwp%2Fv2%2Fproduct_tag&post=5058"}],"curies":[{"name":"wp","href":"https:\/\/api.w.org\/{rel}","templated":true}]}}