












{"id":5745,"date":"2023-04-07T10:41:53","date_gmt":"2023-04-07T08:41:53","guid":{"rendered":"https:\/\/www.kfz-biermair.at\/?post_type=product&#038;p=5745"},"modified":"2023-04-07T10:44:12","modified_gmt":"2023-04-07T08:44:12","slug":"stossfaenger-vorne-mr2-aw11","status":"publish","type":"product","link":"https:\/\/www.kfz-biermair.at\/?product=stossfaenger-vorne-mr2-aw11","title":{"rendered":"Sto\u00dff\u00e4nger vorne &#8211; MR2 AW11"},"content":{"rendered":"","protected":false},"excerpt":{"rendered":"<p>Sto\u00dff\u00e4nger vorne<br \/>\nmit oder ohne Pralld\u00e4mpfer und Montageleisten<br \/>\nPreis auf Anfrage<br \/>\nGebrauchtteil !!<\/p>\n","protected":false},"featured_media":5746,"template":"","meta":[],"product_brand":[],"product_cat":[168],"product_tag":[],"class_list":{"0":"post-5745","1":"product","2":"type-product","3":"status-publish","4":"has-post-thumbnail","6":"product_cat-mr2-aw11","8":"first","9":"instock","10":"taxable","11":"shipping-taxable","12":"product-type-simple"},"_links":{"self":[{"href":"https:\/\/www.kfz-biermair.at\/index.php?rest_route=\/wp\/v2\/product\/5745","targetHints":{"allow":["GET"]}}],"collection":[{"href":"https:\/\/www.kfz-biermair.at\/index.php?rest_route=\/wp\/v2\/product"}],"about":[{"href":"https:\/\/www.kfz-biermair.at\/index.php?rest_route=\/wp\/v2\/types\/product"}],"wp:featuredmedia":[{"embeddable":true,"href":"https:\/\/www.kfz-biermair.at\/index.php?rest_route=\/wp\/v2\/media\/5746"}],"wp:attachment":[{"href":"https:\/\/www.kfz-biermair.at\/index.php?rest_route=%2Fwp%2Fv2%2Fmedia&parent=5745"}],"wp:term":[{"taxonomy":"product_brand","embeddable":true,"href":"https:\/\/www.kfz-biermair.at\/index.php?rest_route=%2Fwp%2Fv2%2Fproduct_brand&post=5745"},{"taxonomy":"product_cat","embeddable":true,"href":"https:\/\/www.kfz-biermair.at\/index.php?rest_route=%2Fwp%2Fv2%2Fproduct_cat&post=5745"},{"taxonomy":"product_tag","embeddable":true,"href":"https:\/\/www.kfz-biermair.at\/index.php?rest_route=%2Fwp%2Fv2%2Fproduct_tag&post=5745"}],"curies":[{"name":"wp","href":"https:\/\/api.w.org\/{rel}","templated":true}]}}