












{"id":6124,"date":"2023-04-26T09:25:42","date_gmt":"2023-04-26T07:25:42","guid":{"rendered":"https:\/\/www.kfz-biermair.at\/?post_type=product&#038;p=6124"},"modified":"2023-04-26T09:25:43","modified_gmt":"2023-04-26T07:25:43","slug":"drehmomentstuetze-vw-golf-iv","status":"publish","type":"product","link":"https:\/\/www.kfz-biermair.at\/?product=drehmomentstuetze-vw-golf-iv","title":{"rendered":"Drehmomentst\u00fctze &#8211; VW Golf IV"},"content":{"rendered":"","protected":false},"excerpt":{"rendered":"<p>Drehmomentst\u00fctze f\u00fcr VW Golf IV und VW Bora<br \/>\nOriginalteil<br \/>\nGebrauchtteil !!<\/p>\n","protected":false},"featured_media":6125,"template":"","meta":[],"product_brand":[],"product_cat":[44,40],"product_tag":[],"class_list":{"0":"post-6124","1":"product","2":"type-product","3":"status-publish","4":"has-post-thumbnail","6":"product_cat-bora","7":"product_cat-golf-iv","9":"first","10":"instock","11":"taxable","12":"shipping-taxable","13":"purchasable","14":"product-type-simple"},"_links":{"self":[{"href":"https:\/\/www.kfz-biermair.at\/index.php?rest_route=\/wp\/v2\/product\/6124","targetHints":{"allow":["GET"]}}],"collection":[{"href":"https:\/\/www.kfz-biermair.at\/index.php?rest_route=\/wp\/v2\/product"}],"about":[{"href":"https:\/\/www.kfz-biermair.at\/index.php?rest_route=\/wp\/v2\/types\/product"}],"wp:featuredmedia":[{"embeddable":true,"href":"https:\/\/www.kfz-biermair.at\/index.php?rest_route=\/wp\/v2\/media\/6125"}],"wp:attachment":[{"href":"https:\/\/www.kfz-biermair.at\/index.php?rest_route=%2Fwp%2Fv2%2Fmedia&parent=6124"}],"wp:term":[{"taxonomy":"product_brand","embeddable":true,"href":"https:\/\/www.kfz-biermair.at\/index.php?rest_route=%2Fwp%2Fv2%2Fproduct_brand&post=6124"},{"taxonomy":"product_cat","embeddable":true,"href":"https:\/\/www.kfz-biermair.at\/index.php?rest_route=%2Fwp%2Fv2%2Fproduct_cat&post=6124"},{"taxonomy":"product_tag","embeddable":true,"href":"https:\/\/www.kfz-biermair.at\/index.php?rest_route=%2Fwp%2Fv2%2Fproduct_tag&post=6124"}],"curies":[{"name":"wp","href":"https:\/\/api.w.org\/{rel}","templated":true}]}}