












{"id":6176,"date":"2023-05-11T13:56:51","date_gmt":"2023-05-11T11:56:51","guid":{"rendered":"https:\/\/www.kfz-biermair.at\/?post_type=product&#038;p=6176"},"modified":"2023-05-11T13:59:08","modified_gmt":"2023-05-11T11:59:08","slug":"wischwasserbehaelter-701955453-vw-t4","status":"publish","type":"product","link":"https:\/\/www.kfz-biermair.at\/?product=wischwasserbehaelter-701955453-vw-t4","title":{"rendered":"Wischwasserbeh\u00e4lter &#8211; 701955453- VW T4"},"content":{"rendered":"","protected":false},"excerpt":{"rendered":"<p>Wischwasserbeh\u00e4lter f\u00fcr VW T4<br \/>\n7001955453<br \/>\nGebrauchtteil !!<\/p>\n","protected":false},"featured_media":6177,"template":"","meta":[],"product_brand":[],"product_cat":[34],"product_tag":[],"class_list":{"0":"post-6176","1":"product","2":"type-product","3":"status-publish","4":"has-post-thumbnail","6":"product_cat-t4","8":"first","9":"instock","10":"taxable","11":"shipping-taxable","12":"purchasable","13":"product-type-simple"},"_links":{"self":[{"href":"https:\/\/www.kfz-biermair.at\/index.php?rest_route=\/wp\/v2\/product\/6176","targetHints":{"allow":["GET"]}}],"collection":[{"href":"https:\/\/www.kfz-biermair.at\/index.php?rest_route=\/wp\/v2\/product"}],"about":[{"href":"https:\/\/www.kfz-biermair.at\/index.php?rest_route=\/wp\/v2\/types\/product"}],"wp:featuredmedia":[{"embeddable":true,"href":"https:\/\/www.kfz-biermair.at\/index.php?rest_route=\/wp\/v2\/media\/6177"}],"wp:attachment":[{"href":"https:\/\/www.kfz-biermair.at\/index.php?rest_route=%2Fwp%2Fv2%2Fmedia&parent=6176"}],"wp:term":[{"taxonomy":"product_brand","embeddable":true,"href":"https:\/\/www.kfz-biermair.at\/index.php?rest_route=%2Fwp%2Fv2%2Fproduct_brand&post=6176"},{"taxonomy":"product_cat","embeddable":true,"href":"https:\/\/www.kfz-biermair.at\/index.php?rest_route=%2Fwp%2Fv2%2Fproduct_cat&post=6176"},{"taxonomy":"product_tag","embeddable":true,"href":"https:\/\/www.kfz-biermair.at\/index.php?rest_route=%2Fwp%2Fv2%2Fproduct_tag&post=6176"}],"curies":[{"name":"wp","href":"https:\/\/api.w.org\/{rel}","templated":true}]}}