












{"id":6352,"date":"2023-05-16T17:21:35","date_gmt":"2023-05-16T15:21:35","guid":{"rendered":"https:\/\/www.kfz-biermair.at\/?post_type=product&#038;p=6352"},"modified":"2023-05-16T17:24:54","modified_gmt":"2023-05-16T15:24:54","slug":"stossstangentraeger-5k0807109m-vw-golf-vi","status":"publish","type":"product","link":"https:\/\/www.kfz-biermair.at\/?product=stossstangentraeger-5k0807109m-vw-golf-vi","title":{"rendered":"Sto\u00dfstangentr\u00e4ger &#8211; 5K0807109M &#8211; VW Golf VI"},"content":{"rendered":"","protected":false},"excerpt":{"rendered":"<p>Sto\u00dfstangentr\u00e4ger f\u00fcr VW Golf VI<br \/>\n5K0 807 109M<br \/>\nOriginalteil<br \/>\nGebrauchtteil !!<\/p>\n","protected":false},"featured_media":6353,"template":"","meta":[],"product_brand":[],"product_cat":[38],"product_tag":[],"class_list":{"0":"post-6352","1":"product","2":"type-product","3":"status-publish","4":"has-post-thumbnail","6":"product_cat-golf-vi","8":"first","9":"instock","10":"taxable","11":"shipping-taxable","12":"purchasable","13":"product-type-simple"},"_links":{"self":[{"href":"https:\/\/www.kfz-biermair.at\/index.php?rest_route=\/wp\/v2\/product\/6352","targetHints":{"allow":["GET"]}}],"collection":[{"href":"https:\/\/www.kfz-biermair.at\/index.php?rest_route=\/wp\/v2\/product"}],"about":[{"href":"https:\/\/www.kfz-biermair.at\/index.php?rest_route=\/wp\/v2\/types\/product"}],"wp:featuredmedia":[{"embeddable":true,"href":"https:\/\/www.kfz-biermair.at\/index.php?rest_route=\/wp\/v2\/media\/6353"}],"wp:attachment":[{"href":"https:\/\/www.kfz-biermair.at\/index.php?rest_route=%2Fwp%2Fv2%2Fmedia&parent=6352"}],"wp:term":[{"taxonomy":"product_brand","embeddable":true,"href":"https:\/\/www.kfz-biermair.at\/index.php?rest_route=%2Fwp%2Fv2%2Fproduct_brand&post=6352"},{"taxonomy":"product_cat","embeddable":true,"href":"https:\/\/www.kfz-biermair.at\/index.php?rest_route=%2Fwp%2Fv2%2Fproduct_cat&post=6352"},{"taxonomy":"product_tag","embeddable":true,"href":"https:\/\/www.kfz-biermair.at\/index.php?rest_route=%2Fwp%2Fv2%2Fproduct_tag&post=6352"}],"curies":[{"name":"wp","href":"https:\/\/api.w.org\/{rel}","templated":true}]}}