












{"id":7144,"date":"2023-09-06T09:01:05","date_gmt":"2023-09-06T07:01:05","guid":{"rendered":"https:\/\/www.kfz-biermair.at\/?post_type=product&#038;p=7144"},"modified":"2023-09-06T09:01:05","modified_gmt":"2023-09-06T07:01:05","slug":"kotfluegelschliessteil-rechts-8e0821112a-audi","status":"publish","type":"product","link":"https:\/\/www.kfz-biermair.at\/?product=kotfluegelschliessteil-rechts-8e0821112a-audi","title":{"rendered":"Kotfl\u00fcgelschlie\u00dfteil rechts  &#8211; 8E0821112A- Audi"},"content":{"rendered":"","protected":false},"excerpt":{"rendered":"<p>Kotfl\u00fcgelschlie\u00dfteil f\u00fcr Audi A4 B6, A4 B7<br \/>\n8E0 821 112A<br \/>\nrechts<br \/>\nOriginalteil<br \/>\nGebrauchtteil !<\/p>\n","protected":false},"featured_media":7145,"template":"","meta":[],"product_brand":[],"product_cat":[146,145],"product_tag":[],"class_list":{"0":"post-7144","1":"product","2":"type-product","3":"status-publish","4":"has-post-thumbnail","6":"product_cat-a4-b6","7":"product_cat-a4-b7","9":"first","10":"instock","11":"taxable","12":"shipping-taxable","13":"purchasable","14":"product-type-simple"},"_links":{"self":[{"href":"https:\/\/www.kfz-biermair.at\/index.php?rest_route=\/wp\/v2\/product\/7144","targetHints":{"allow":["GET"]}}],"collection":[{"href":"https:\/\/www.kfz-biermair.at\/index.php?rest_route=\/wp\/v2\/product"}],"about":[{"href":"https:\/\/www.kfz-biermair.at\/index.php?rest_route=\/wp\/v2\/types\/product"}],"wp:featuredmedia":[{"embeddable":true,"href":"https:\/\/www.kfz-biermair.at\/index.php?rest_route=\/wp\/v2\/media\/7145"}],"wp:attachment":[{"href":"https:\/\/www.kfz-biermair.at\/index.php?rest_route=%2Fwp%2Fv2%2Fmedia&parent=7144"}],"wp:term":[{"taxonomy":"product_brand","embeddable":true,"href":"https:\/\/www.kfz-biermair.at\/index.php?rest_route=%2Fwp%2Fv2%2Fproduct_brand&post=7144"},{"taxonomy":"product_cat","embeddable":true,"href":"https:\/\/www.kfz-biermair.at\/index.php?rest_route=%2Fwp%2Fv2%2Fproduct_cat&post=7144"},{"taxonomy":"product_tag","embeddable":true,"href":"https:\/\/www.kfz-biermair.at\/index.php?rest_route=%2Fwp%2Fv2%2Fproduct_tag&post=7144"}],"curies":[{"name":"wp","href":"https:\/\/api.w.org\/{rel}","templated":true}]}}