












{"id":7162,"date":"2023-09-06T09:16:41","date_gmt":"2023-09-06T07:16:41","guid":{"rendered":"https:\/\/www.kfz-biermair.at\/?post_type=product&#038;p=7162"},"modified":"2023-09-28T14:21:43","modified_gmt":"2023-09-28T12:21:43","slug":"kuehlergrill-4g0853037-audi-a6-c7","status":"publish","type":"product","link":"https:\/\/www.kfz-biermair.at\/?product=kuehlergrill-4g0853037-audi-a6-c7","title":{"rendered":"K\u00fchlergrill &#8211; 4G0853037 &#8211; Audi A6 C7"},"content":{"rendered":"","protected":false},"excerpt":{"rendered":"<p>K\u00fchlergrill f\u00fcr Audi A6 4G C7<br \/>\ninkl. Quattro Emblem<br \/>\n4G0 807 087<br \/>\n4G0 853 037<br \/>\n4G0 853 653<br \/>\nOriginalteil<br \/>\nGebrauchtteil !!<\/p>\n","protected":false},"featured_media":7719,"template":"","meta":[],"product_brand":[],"product_cat":[150],"product_tag":[],"class_list":{"0":"post-7162","1":"product","2":"type-product","3":"status-publish","4":"has-post-thumbnail","6":"product_cat-sonstige-audi","8":"first","9":"instock","10":"taxable","11":"shipping-taxable","12":"purchasable","13":"product-type-simple"},"_links":{"self":[{"href":"https:\/\/www.kfz-biermair.at\/index.php?rest_route=\/wp\/v2\/product\/7162","targetHints":{"allow":["GET"]}}],"collection":[{"href":"https:\/\/www.kfz-biermair.at\/index.php?rest_route=\/wp\/v2\/product"}],"about":[{"href":"https:\/\/www.kfz-biermair.at\/index.php?rest_route=\/wp\/v2\/types\/product"}],"wp:featuredmedia":[{"embeddable":true,"href":"https:\/\/www.kfz-biermair.at\/index.php?rest_route=\/wp\/v2\/media\/7719"}],"wp:attachment":[{"href":"https:\/\/www.kfz-biermair.at\/index.php?rest_route=%2Fwp%2Fv2%2Fmedia&parent=7162"}],"wp:term":[{"taxonomy":"product_brand","embeddable":true,"href":"https:\/\/www.kfz-biermair.at\/index.php?rest_route=%2Fwp%2Fv2%2Fproduct_brand&post=7162"},{"taxonomy":"product_cat","embeddable":true,"href":"https:\/\/www.kfz-biermair.at\/index.php?rest_route=%2Fwp%2Fv2%2Fproduct_cat&post=7162"},{"taxonomy":"product_tag","embeddable":true,"href":"https:\/\/www.kfz-biermair.at\/index.php?rest_route=%2Fwp%2Fv2%2Fproduct_tag&post=7162"}],"curies":[{"name":"wp","href":"https:\/\/api.w.org\/{rel}","templated":true}]}}