












{"id":7193,"date":"2023-09-07T09:13:13","date_gmt":"2023-09-07T07:13:13","guid":{"rendered":"https:\/\/www.kfz-biermair.at\/?post_type=product&#038;p=7193"},"modified":"2023-09-07T09:13:14","modified_gmt":"2023-09-07T07:13:14","slug":"kuehlergrill-audi-a4-b8-facelift","status":"publish","type":"product","link":"https:\/\/www.kfz-biermair.at\/?product=kuehlergrill-audi-a4-b8-facelift","title":{"rendered":"K\u00fchlergrill &#8211; Audi A4 B8 Facelift"},"content":{"rendered":"","protected":false},"excerpt":{"rendered":"<p>K\u00fchlergrill f\u00fcr Audi A4 B8 Facelift<br \/>\n8TO 853 651 G<br \/>\n8TO 853 651 H<br \/>\nGebrauchtteil<\/p>\n","protected":false},"featured_media":7194,"template":"","meta":[],"product_brand":[],"product_cat":[144],"product_tag":[],"class_list":{"0":"post-7193","1":"product","2":"type-product","3":"status-publish","4":"has-post-thumbnail","6":"product_cat-a4-b8","8":"first","9":"instock","10":"taxable","11":"shipping-taxable","12":"purchasable","13":"product-type-simple"},"_links":{"self":[{"href":"https:\/\/www.kfz-biermair.at\/index.php?rest_route=\/wp\/v2\/product\/7193","targetHints":{"allow":["GET"]}}],"collection":[{"href":"https:\/\/www.kfz-biermair.at\/index.php?rest_route=\/wp\/v2\/product"}],"about":[{"href":"https:\/\/www.kfz-biermair.at\/index.php?rest_route=\/wp\/v2\/types\/product"}],"wp:featuredmedia":[{"embeddable":true,"href":"https:\/\/www.kfz-biermair.at\/index.php?rest_route=\/wp\/v2\/media\/7194"}],"wp:attachment":[{"href":"https:\/\/www.kfz-biermair.at\/index.php?rest_route=%2Fwp%2Fv2%2Fmedia&parent=7193"}],"wp:term":[{"taxonomy":"product_brand","embeddable":true,"href":"https:\/\/www.kfz-biermair.at\/index.php?rest_route=%2Fwp%2Fv2%2Fproduct_brand&post=7193"},{"taxonomy":"product_cat","embeddable":true,"href":"https:\/\/www.kfz-biermair.at\/index.php?rest_route=%2Fwp%2Fv2%2Fproduct_cat&post=7193"},{"taxonomy":"product_tag","embeddable":true,"href":"https:\/\/www.kfz-biermair.at\/index.php?rest_route=%2Fwp%2Fv2%2Fproduct_tag&post=7193"}],"curies":[{"name":"wp","href":"https:\/\/api.w.org\/{rel}","templated":true}]}}