












{"id":7198,"date":"2023-09-07T09:16:43","date_gmt":"2023-09-07T07:16:43","guid":{"rendered":"https:\/\/www.kfz-biermair.at\/?post_type=product&#038;p=7198"},"modified":"2023-09-07T09:16:43","modified_gmt":"2023-09-07T07:16:43","slug":"stossstangengitter-ford-focus-2003","status":"publish","type":"product","link":"https:\/\/www.kfz-biermair.at\/?product=stossstangengitter-ford-focus-2003","title":{"rendered":"Sto\u00dfstangengitter &#8211; Ford Focus 2003"},"content":{"rendered":"","protected":false},"excerpt":{"rendered":"<p>Sto\u00dfstangengitter vorne Mitte f\u00fcr Ford Focus 2003<br \/>\n2M51 &#8211; A018 A58 &#8211; ADW<br \/>\nGebrauchtteil<\/p>\n","protected":false},"featured_media":7199,"template":"","meta":[],"product_brand":[],"product_cat":[123],"product_tag":[],"class_list":{"0":"post-7198","1":"product","2":"type-product","3":"status-publish","4":"has-post-thumbnail","6":"product_cat-focus","8":"first","9":"instock","10":"taxable","11":"shipping-taxable","12":"purchasable","13":"product-type-simple"},"_links":{"self":[{"href":"https:\/\/www.kfz-biermair.at\/index.php?rest_route=\/wp\/v2\/product\/7198","targetHints":{"allow":["GET"]}}],"collection":[{"href":"https:\/\/www.kfz-biermair.at\/index.php?rest_route=\/wp\/v2\/product"}],"about":[{"href":"https:\/\/www.kfz-biermair.at\/index.php?rest_route=\/wp\/v2\/types\/product"}],"wp:featuredmedia":[{"embeddable":true,"href":"https:\/\/www.kfz-biermair.at\/index.php?rest_route=\/wp\/v2\/media\/7199"}],"wp:attachment":[{"href":"https:\/\/www.kfz-biermair.at\/index.php?rest_route=%2Fwp%2Fv2%2Fmedia&parent=7198"}],"wp:term":[{"taxonomy":"product_brand","embeddable":true,"href":"https:\/\/www.kfz-biermair.at\/index.php?rest_route=%2Fwp%2Fv2%2Fproduct_brand&post=7198"},{"taxonomy":"product_cat","embeddable":true,"href":"https:\/\/www.kfz-biermair.at\/index.php?rest_route=%2Fwp%2Fv2%2Fproduct_cat&post=7198"},{"taxonomy":"product_tag","embeddable":true,"href":"https:\/\/www.kfz-biermair.at\/index.php?rest_route=%2Fwp%2Fv2%2Fproduct_tag&post=7198"}],"curies":[{"name":"wp","href":"https:\/\/api.w.org\/{rel}","templated":true}]}}