












{"id":7203,"date":"2023-09-07T09:18:55","date_gmt":"2023-09-07T07:18:55","guid":{"rendered":"https:\/\/www.kfz-biermair.at\/?post_type=product&#038;p=7203"},"modified":"2023-09-07T09:18:55","modified_gmt":"2023-09-07T07:18:55","slug":"kuehlergrill-audi-a3-8p","status":"publish","type":"product","link":"https:\/\/www.kfz-biermair.at\/?product=kuehlergrill-audi-a3-8p","title":{"rendered":"K\u00fchlergrill &#8211; Audi A3 8P"},"content":{"rendered":"","protected":false},"excerpt":{"rendered":"<p>K\u00fchlergrill f\u00fcr Audi A3 8P<br \/>\n8P4 853 651 E<br \/>\nGebrauchtteil<\/p>\n","protected":false},"featured_media":7204,"template":"","meta":[],"product_brand":[],"product_cat":[158],"product_tag":[],"class_list":{"0":"post-7203","1":"product","2":"type-product","3":"status-publish","4":"has-post-thumbnail","6":"product_cat-a3","8":"first","9":"instock","10":"taxable","11":"shipping-taxable","12":"purchasable","13":"product-type-simple"},"_links":{"self":[{"href":"https:\/\/www.kfz-biermair.at\/index.php?rest_route=\/wp\/v2\/product\/7203","targetHints":{"allow":["GET"]}}],"collection":[{"href":"https:\/\/www.kfz-biermair.at\/index.php?rest_route=\/wp\/v2\/product"}],"about":[{"href":"https:\/\/www.kfz-biermair.at\/index.php?rest_route=\/wp\/v2\/types\/product"}],"wp:featuredmedia":[{"embeddable":true,"href":"https:\/\/www.kfz-biermair.at\/index.php?rest_route=\/wp\/v2\/media\/7204"}],"wp:attachment":[{"href":"https:\/\/www.kfz-biermair.at\/index.php?rest_route=%2Fwp%2Fv2%2Fmedia&parent=7203"}],"wp:term":[{"taxonomy":"product_brand","embeddable":true,"href":"https:\/\/www.kfz-biermair.at\/index.php?rest_route=%2Fwp%2Fv2%2Fproduct_brand&post=7203"},{"taxonomy":"product_cat","embeddable":true,"href":"https:\/\/www.kfz-biermair.at\/index.php?rest_route=%2Fwp%2Fv2%2Fproduct_cat&post=7203"},{"taxonomy":"product_tag","embeddable":true,"href":"https:\/\/www.kfz-biermair.at\/index.php?rest_route=%2Fwp%2Fv2%2Fproduct_tag&post=7203"}],"curies":[{"name":"wp","href":"https:\/\/api.w.org\/{rel}","templated":true}]}}