












{"id":7253,"date":"2023-09-07T13:16:09","date_gmt":"2023-09-07T11:16:09","guid":{"rendered":"https:\/\/www.kfz-biermair.at\/?post_type=product&#038;p=7253"},"modified":"2023-09-07T13:16:09","modified_gmt":"2023-09-07T11:16:09","slug":"pralldaempfer-audi-a4-b6","status":"publish","type":"product","link":"https:\/\/www.kfz-biermair.at\/?product=pralldaempfer-audi-a4-b6","title":{"rendered":"Pralld\u00e4mpfer &#8211; Audi A4 B6"},"content":{"rendered":"","protected":false},"excerpt":{"rendered":"<p>Pralld\u00e4mpfer vorne links f\u00fcr Audi A4 B6<br \/>\n8EO 807 133 B<br \/>\nGebrauchtteil<\/p>\n","protected":false},"featured_media":7254,"template":"","meta":[],"product_brand":[],"product_cat":[146],"product_tag":[],"class_list":{"0":"post-7253","1":"product","2":"type-product","3":"status-publish","4":"has-post-thumbnail","6":"product_cat-a4-b6","8":"first","9":"instock","10":"taxable","11":"shipping-taxable","12":"purchasable","13":"product-type-simple"},"_links":{"self":[{"href":"https:\/\/www.kfz-biermair.at\/index.php?rest_route=\/wp\/v2\/product\/7253","targetHints":{"allow":["GET"]}}],"collection":[{"href":"https:\/\/www.kfz-biermair.at\/index.php?rest_route=\/wp\/v2\/product"}],"about":[{"href":"https:\/\/www.kfz-biermair.at\/index.php?rest_route=\/wp\/v2\/types\/product"}],"wp:featuredmedia":[{"embeddable":true,"href":"https:\/\/www.kfz-biermair.at\/index.php?rest_route=\/wp\/v2\/media\/7254"}],"wp:attachment":[{"href":"https:\/\/www.kfz-biermair.at\/index.php?rest_route=%2Fwp%2Fv2%2Fmedia&parent=7253"}],"wp:term":[{"taxonomy":"product_brand","embeddable":true,"href":"https:\/\/www.kfz-biermair.at\/index.php?rest_route=%2Fwp%2Fv2%2Fproduct_brand&post=7253"},{"taxonomy":"product_cat","embeddable":true,"href":"https:\/\/www.kfz-biermair.at\/index.php?rest_route=%2Fwp%2Fv2%2Fproduct_cat&post=7253"},{"taxonomy":"product_tag","embeddable":true,"href":"https:\/\/www.kfz-biermair.at\/index.php?rest_route=%2Fwp%2Fv2%2Fproduct_tag&post=7253"}],"curies":[{"name":"wp","href":"https:\/\/api.w.org\/{rel}","templated":true}]}}