












{"id":8335,"date":"2023-10-12T09:53:56","date_gmt":"2023-10-12T07:53:56","guid":{"rendered":"https:\/\/www.kfz-biermair.at\/?post_type=product&#038;p=8335"},"modified":"2023-10-12T09:53:56","modified_gmt":"2023-10-12T07:53:56","slug":"tueraussenhaut-neu-originalteil-ford-escort-3","status":"publish","type":"product","link":"https:\/\/www.kfz-biermair.at\/?product=tueraussenhaut-neu-originalteil-ford-escort-3","title":{"rendered":"T\u00fcrau\u00dfenhaut neu originalteil &#8211; Ford Escort 3"},"content":{"rendered":"","protected":false},"excerpt":{"rendered":"<p>T\u00fcrau\u00dfenhaut neu f\u00fcr Ford Escort 3 1980-1990 3-T\u00fcrer<br \/>\nOriginalteil<\/p>\n","protected":false},"featured_media":8336,"template":"","meta":[],"product_brand":[],"product_cat":[124],"product_tag":[],"class_list":{"0":"post-8335","1":"product","2":"type-product","3":"status-publish","4":"has-post-thumbnail","6":"product_cat-sonstige-ford","8":"first","9":"instock","10":"taxable","11":"shipping-taxable","12":"purchasable","13":"product-type-simple"},"_links":{"self":[{"href":"https:\/\/www.kfz-biermair.at\/index.php?rest_route=\/wp\/v2\/product\/8335","targetHints":{"allow":["GET"]}}],"collection":[{"href":"https:\/\/www.kfz-biermair.at\/index.php?rest_route=\/wp\/v2\/product"}],"about":[{"href":"https:\/\/www.kfz-biermair.at\/index.php?rest_route=\/wp\/v2\/types\/product"}],"wp:featuredmedia":[{"embeddable":true,"href":"https:\/\/www.kfz-biermair.at\/index.php?rest_route=\/wp\/v2\/media\/8336"}],"wp:attachment":[{"href":"https:\/\/www.kfz-biermair.at\/index.php?rest_route=%2Fwp%2Fv2%2Fmedia&parent=8335"}],"wp:term":[{"taxonomy":"product_brand","embeddable":true,"href":"https:\/\/www.kfz-biermair.at\/index.php?rest_route=%2Fwp%2Fv2%2Fproduct_brand&post=8335"},{"taxonomy":"product_cat","embeddable":true,"href":"https:\/\/www.kfz-biermair.at\/index.php?rest_route=%2Fwp%2Fv2%2Fproduct_cat&post=8335"},{"taxonomy":"product_tag","embeddable":true,"href":"https:\/\/www.kfz-biermair.at\/index.php?rest_route=%2Fwp%2Fv2%2Fproduct_tag&post=8335"}],"curies":[{"name":"wp","href":"https:\/\/api.w.org\/{rel}","templated":true}]}}