












{"id":8739,"date":"2023-10-19T11:29:44","date_gmt":"2023-10-19T09:29:44","guid":{"rendered":"https:\/\/www.kfz-biermair.at\/?post_type=product&#038;p=8739"},"modified":"2023-10-19T11:29:45","modified_gmt":"2023-10-19T09:29:45","slug":"oberer-teil-stossstange-hinten-audi-a4-b6-limousine","status":"publish","type":"product","link":"https:\/\/www.kfz-biermair.at\/?product=oberer-teil-stossstange-hinten-audi-a4-b6-limousine","title":{"rendered":"oberer Teil Sto\u00dfstange hinten &#8211; Audi A4 B6 Limousine"},"content":{"rendered":"","protected":false},"excerpt":{"rendered":"<p>Sto\u00dfstange hinten oberer Teil f\u00fcr Audi A4 B6 (Limousine!!)<br \/>\n8E5 807 511<br \/>\nGebrauchtteil<\/p>\n","protected":false},"featured_media":8740,"template":"","meta":[],"product_brand":[],"product_cat":[146],"product_tag":[],"class_list":{"0":"post-8739","1":"product","2":"type-product","3":"status-publish","4":"has-post-thumbnail","6":"product_cat-a4-b6","8":"first","9":"instock","10":"taxable","11":"shipping-taxable","12":"purchasable","13":"product-type-simple"},"_links":{"self":[{"href":"https:\/\/www.kfz-biermair.at\/index.php?rest_route=\/wp\/v2\/product\/8739","targetHints":{"allow":["GET"]}}],"collection":[{"href":"https:\/\/www.kfz-biermair.at\/index.php?rest_route=\/wp\/v2\/product"}],"about":[{"href":"https:\/\/www.kfz-biermair.at\/index.php?rest_route=\/wp\/v2\/types\/product"}],"wp:featuredmedia":[{"embeddable":true,"href":"https:\/\/www.kfz-biermair.at\/index.php?rest_route=\/wp\/v2\/media\/8740"}],"wp:attachment":[{"href":"https:\/\/www.kfz-biermair.at\/index.php?rest_route=%2Fwp%2Fv2%2Fmedia&parent=8739"}],"wp:term":[{"taxonomy":"product_brand","embeddable":true,"href":"https:\/\/www.kfz-biermair.at\/index.php?rest_route=%2Fwp%2Fv2%2Fproduct_brand&post=8739"},{"taxonomy":"product_cat","embeddable":true,"href":"https:\/\/www.kfz-biermair.at\/index.php?rest_route=%2Fwp%2Fv2%2Fproduct_cat&post=8739"},{"taxonomy":"product_tag","embeddable":true,"href":"https:\/\/www.kfz-biermair.at\/index.php?rest_route=%2Fwp%2Fv2%2Fproduct_tag&post=8739"}],"curies":[{"name":"wp","href":"https:\/\/api.w.org\/{rel}","templated":true}]}}