












{"id":8763,"date":"2023-10-19T11:37:21","date_gmt":"2023-10-19T09:37:21","guid":{"rendered":"https:\/\/www.kfz-biermair.at\/?post_type=product&#038;p=8763"},"modified":"2023-10-19T11:37:21","modified_gmt":"2023-10-19T09:37:21","slug":"tuer-links-vorne-ford-fiesta-1989-1996-3-tuerer","status":"publish","type":"product","link":"https:\/\/www.kfz-biermair.at\/?product=tuer-links-vorne-ford-fiesta-1989-1996-3-tuerer","title":{"rendered":"T\u00fcr links vorne &#8211; Ford Fiesta 1989-1996 3-T\u00fcrer"},"content":{"rendered":"","protected":false},"excerpt":{"rendered":"<p>T\u00fcr links vorne f\u00fcr Ford Fiesta 1989-1996 3-T\u00fcrer<br \/>\nZustand laut Bilder<br \/>\nGebrauchtteil<\/p>\n","protected":false},"featured_media":8764,"template":"","meta":[],"product_brand":[],"product_cat":[124],"product_tag":[],"class_list":{"0":"post-8763","1":"product","2":"type-product","3":"status-publish","4":"has-post-thumbnail","6":"product_cat-sonstige-ford","8":"first","9":"instock","10":"taxable","11":"shipping-taxable","12":"purchasable","13":"product-type-simple"},"_links":{"self":[{"href":"https:\/\/www.kfz-biermair.at\/index.php?rest_route=\/wp\/v2\/product\/8763","targetHints":{"allow":["GET"]}}],"collection":[{"href":"https:\/\/www.kfz-biermair.at\/index.php?rest_route=\/wp\/v2\/product"}],"about":[{"href":"https:\/\/www.kfz-biermair.at\/index.php?rest_route=\/wp\/v2\/types\/product"}],"wp:featuredmedia":[{"embeddable":true,"href":"https:\/\/www.kfz-biermair.at\/index.php?rest_route=\/wp\/v2\/media\/8764"}],"wp:attachment":[{"href":"https:\/\/www.kfz-biermair.at\/index.php?rest_route=%2Fwp%2Fv2%2Fmedia&parent=8763"}],"wp:term":[{"taxonomy":"product_brand","embeddable":true,"href":"https:\/\/www.kfz-biermair.at\/index.php?rest_route=%2Fwp%2Fv2%2Fproduct_brand&post=8763"},{"taxonomy":"product_cat","embeddable":true,"href":"https:\/\/www.kfz-biermair.at\/index.php?rest_route=%2Fwp%2Fv2%2Fproduct_cat&post=8763"},{"taxonomy":"product_tag","embeddable":true,"href":"https:\/\/www.kfz-biermair.at\/index.php?rest_route=%2Fwp%2Fv2%2Fproduct_tag&post=8763"}],"curies":[{"name":"wp","href":"https:\/\/api.w.org\/{rel}","templated":true}]}}