












{"id":911,"date":"2021-10-07T13:26:24","date_gmt":"2021-10-07T11:26:24","guid":{"rendered":"https:\/\/www.kfz-biermair.at\/?post_type=product&#038;p=911"},"modified":"2022-07-26T15:45:10","modified_gmt":"2022-07-26T13:45:10","slug":"ruecklicht-rechts-originalteil","status":"publish","type":"product","link":"https:\/\/www.kfz-biermair.at\/?product=ruecklicht-rechts-originalteil","title":{"rendered":"R\u00fccklicht rechts Originalteil &#8211; Fiat"},"content":{"rendered":"","protected":false},"excerpt":{"rendered":"<p>R\u00fccklicht rechts f\u00fcr Fiat Fiorino, Citroen Nemo und Peugeot Bipper<\/p>\n<p>Originalteil 13202F\/A<\/p>\n<p>Gebrauchtteil !!<\/p>\n","protected":false},"featured_media":912,"template":"","meta":[],"product_brand":[],"product_cat":[129,82,133],"product_tag":[],"class_list":{"0":"post-911","1":"product","2":"type-product","3":"status-publish","4":"has-post-thumbnail","6":"product_cat-fiorino","7":"product_cat-sonstige-peugeot","8":"product_cat-sonstige-citroen","10":"first","11":"instock","12":"taxable","13":"shipping-taxable","14":"purchasable","15":"product-type-simple"},"_links":{"self":[{"href":"https:\/\/www.kfz-biermair.at\/index.php?rest_route=\/wp\/v2\/product\/911","targetHints":{"allow":["GET"]}}],"collection":[{"href":"https:\/\/www.kfz-biermair.at\/index.php?rest_route=\/wp\/v2\/product"}],"about":[{"href":"https:\/\/www.kfz-biermair.at\/index.php?rest_route=\/wp\/v2\/types\/product"}],"wp:featuredmedia":[{"embeddable":true,"href":"https:\/\/www.kfz-biermair.at\/index.php?rest_route=\/wp\/v2\/media\/912"}],"wp:attachment":[{"href":"https:\/\/www.kfz-biermair.at\/index.php?rest_route=%2Fwp%2Fv2%2Fmedia&parent=911"}],"wp:term":[{"taxonomy":"product_brand","embeddable":true,"href":"https:\/\/www.kfz-biermair.at\/index.php?rest_route=%2Fwp%2Fv2%2Fproduct_brand&post=911"},{"taxonomy":"product_cat","embeddable":true,"href":"https:\/\/www.kfz-biermair.at\/index.php?rest_route=%2Fwp%2Fv2%2Fproduct_cat&post=911"},{"taxonomy":"product_tag","embeddable":true,"href":"https:\/\/www.kfz-biermair.at\/index.php?rest_route=%2Fwp%2Fv2%2Fproduct_tag&post=911"}],"curies":[{"name":"wp","href":"https:\/\/api.w.org\/{rel}","templated":true}]}}