












{"id":9117,"date":"2023-11-02T11:39:17","date_gmt":"2023-11-02T10:39:17","guid":{"rendered":"https:\/\/www.kfz-biermair.at\/?post_type=product&#038;p=9117"},"modified":"2023-11-02T11:39:18","modified_gmt":"2023-11-02T10:39:18","slug":"stossstangeneckteil-rechts-hinten-vw-t4","status":"publish","type":"product","link":"https:\/\/www.kfz-biermair.at\/?product=stossstangeneckteil-rechts-hinten-vw-t4","title":{"rendered":"Sto\u00dfstangeneckteil rechts hinten &#8211; VW T4"},"content":{"rendered":"","protected":false},"excerpt":{"rendered":"<p>Sto\u00dfstangeneckteil rechts hinten f\u00fcr VW T4<br \/>\n701 807 322 B<br \/>\nZustand laut Bilder<br \/>\nGebrauchtteil<\/p>\n","protected":false},"featured_media":9118,"template":"","meta":[],"product_brand":[],"product_cat":[34],"product_tag":[],"class_list":{"0":"post-9117","1":"product","2":"type-product","3":"status-publish","4":"has-post-thumbnail","6":"product_cat-t4","8":"first","9":"instock","10":"taxable","11":"shipping-taxable","12":"purchasable","13":"product-type-simple"},"_links":{"self":[{"href":"https:\/\/www.kfz-biermair.at\/index.php?rest_route=\/wp\/v2\/product\/9117","targetHints":{"allow":["GET"]}}],"collection":[{"href":"https:\/\/www.kfz-biermair.at\/index.php?rest_route=\/wp\/v2\/product"}],"about":[{"href":"https:\/\/www.kfz-biermair.at\/index.php?rest_route=\/wp\/v2\/types\/product"}],"wp:featuredmedia":[{"embeddable":true,"href":"https:\/\/www.kfz-biermair.at\/index.php?rest_route=\/wp\/v2\/media\/9118"}],"wp:attachment":[{"href":"https:\/\/www.kfz-biermair.at\/index.php?rest_route=%2Fwp%2Fv2%2Fmedia&parent=9117"}],"wp:term":[{"taxonomy":"product_brand","embeddable":true,"href":"https:\/\/www.kfz-biermair.at\/index.php?rest_route=%2Fwp%2Fv2%2Fproduct_brand&post=9117"},{"taxonomy":"product_cat","embeddable":true,"href":"https:\/\/www.kfz-biermair.at\/index.php?rest_route=%2Fwp%2Fv2%2Fproduct_cat&post=9117"},{"taxonomy":"product_tag","embeddable":true,"href":"https:\/\/www.kfz-biermair.at\/index.php?rest_route=%2Fwp%2Fv2%2Fproduct_tag&post=9117"}],"curies":[{"name":"wp","href":"https:\/\/api.w.org\/{rel}","templated":true}]}}