












{"id":9640,"date":"2023-11-09T14:37:06","date_gmt":"2023-11-09T13:37:06","guid":{"rendered":"https:\/\/www.kfz-biermair.at\/?post_type=product&#038;p=9640"},"modified":"2023-11-09T14:37:06","modified_gmt":"2023-11-09T13:37:06","slug":"stossstange-hinten-vw-corrado","status":"publish","type":"product","link":"https:\/\/www.kfz-biermair.at\/?product=stossstange-hinten-vw-corrado","title":{"rendered":"Sto\u00dfstange hinten &#8211; VW Corrado"},"content":{"rendered":"","protected":false},"excerpt":{"rendered":"<p>Sto\u00dfstange hinten f\u00fcr VW Corrado<br \/>\nOriginalteil!<br \/>\n535 807 305<br \/>\n535 807 417 F<br \/>\nZustand laut Bilder<br \/>\nGebrauchtteil<\/p>\n","protected":false},"featured_media":9641,"template":"","meta":[],"product_brand":[],"product_cat":[163],"product_tag":[],"class_list":{"0":"post-9640","1":"product","2":"type-product","3":"status-publish","4":"has-post-thumbnail","6":"product_cat-sonstige-vw","8":"first","9":"instock","10":"taxable","11":"shipping-taxable","12":"purchasable","13":"product-type-simple"},"_links":{"self":[{"href":"https:\/\/www.kfz-biermair.at\/index.php?rest_route=\/wp\/v2\/product\/9640","targetHints":{"allow":["GET"]}}],"collection":[{"href":"https:\/\/www.kfz-biermair.at\/index.php?rest_route=\/wp\/v2\/product"}],"about":[{"href":"https:\/\/www.kfz-biermair.at\/index.php?rest_route=\/wp\/v2\/types\/product"}],"wp:featuredmedia":[{"embeddable":true,"href":"https:\/\/www.kfz-biermair.at\/index.php?rest_route=\/wp\/v2\/media\/9641"}],"wp:attachment":[{"href":"https:\/\/www.kfz-biermair.at\/index.php?rest_route=%2Fwp%2Fv2%2Fmedia&parent=9640"}],"wp:term":[{"taxonomy":"product_brand","embeddable":true,"href":"https:\/\/www.kfz-biermair.at\/index.php?rest_route=%2Fwp%2Fv2%2Fproduct_brand&post=9640"},{"taxonomy":"product_cat","embeddable":true,"href":"https:\/\/www.kfz-biermair.at\/index.php?rest_route=%2Fwp%2Fv2%2Fproduct_cat&post=9640"},{"taxonomy":"product_tag","embeddable":true,"href":"https:\/\/www.kfz-biermair.at\/index.php?rest_route=%2Fwp%2Fv2%2Fproduct_tag&post=9640"}],"curies":[{"name":"wp","href":"https:\/\/api.w.org\/{rel}","templated":true}]}}